{"id":15969,"date":"2021-05-03T06:56:37","date_gmt":"2021-05-03T06:56:37","guid":{"rendered":"http:\/\/www.merxwire.org\/?page_id=15969"},"modified":"2026-03-02T00:05:28","modified_gmt":"2026-03-01T16:05:28","slug":"instantpr-en","status":"publish","type":"page","link":"https:\/\/www.merxwire.org\/en\/catpren\/instantpr-en\/","title":{"rendered":"Real-time interview and release"},"content":{"rendered":"<div class=\"wpb-content-wrapper\"><p>[vc_row bg_image=&#8221;15977&#8243; bg_color=&#8221;#1cbac8&#8243; section_arrow=&#8221;false&#8221; text_color=&#8221;light&#8221; top_padding=&#8221;280&#8243; bottom_padding=&#8221;120&#8243; bg_position=&#8221;center center&#8221;][vc_column width=&#8221;1\/1&#8243;]<h1 class=\"headline font-special fontsize-xxxl fontweight-700 lh-13 align-left transform-inherit lowercase\" style=\"margin: 0 0 20px 0; color: #ffffff;\">Live interview &amp;<br \/>\nInstant release service<\/h1><div class=\"headline font-inherit fontsize-xxl fontweight-300 lh-inherit align-left transform-inherit \" style=\"margin: 0; color: #ffffff;\">Send press releases to the world in time<\/div>[\/vc_column][\/vc_row][vc_row top_padding=&#8221;100&#8243; bottom_padding=&#8221;100&#8243;][vc_column width=&#8221;2\/3&#8243;]<div class=\"headline font-inherit fontsize-m fontweight-inherit lh-19 align-left transform-inherit \" style=\"margin: 0; color: #666666;\">Professional press release interview editors will release press releases to the world on the spot during your event and gain popularity through media reports. Professional international news agency support to ensure that your news is successfully published on the media website.<\/div>[\/vc_column][vc_column text_align=&#8221;right&#8221; width=&#8221;1\/3&#8243;][vc_column_text]<a href=\"\/catpren\/contact-en\/\" target=\"_self\" class=\"button color-2 large \" style=\"border-radius: 2px;\">Conteact us<\/a> <a href=\"https:\/\/blog.merxwire.com\/\" target=\"_blank\" class=\"button color-3 large \" style=\"border-radius: 2px;\">Learn more<\/a>[\/vc_column_text][\/vc_column][\/vc_row][vc_row type=&#8221;full_width_section&#8221; bg_position=&#8221;left top&#8221;][vc_column bg_color=&#8221;#222222&#8243; column_padding=&#8221;padding-5&#8243; column_center=&#8221;true&#8221; text_color=&#8221;light&#8221; width=&#8221;1\/3&#8243;][vc_column_text]<\/p>\n<h3 class=\"font-special\">Live and instant to the world<\/h3>\n<p>Through the real-time system connected with the media, we directly send news stories to the global media at the event site. We provide this fast service to corporate customers who value efficiency. Companies, individuals, and non-profit organizations can gain public attention through interviews and press releases during the event.[\/vc_column_text][\/vc_column][vc_column bg_image=&#8221;16001&#8243; column_padding=&#8221;padding-5&#8243; column_center=&#8221;true&#8221; width=&#8221;1\/3&#8243;]<div class=\"spacer\" style=\"height: 200px;\"><\/div>[\/vc_column][vc_column bg_color=&#8221;#fafafa&#8221; bg_image=&#8221;15983&#8243; column_padding=&#8221;padding-5&#8243; column_center=&#8221;true&#8221; width=&#8221;1\/3&#8243;]<div class=\"spacer\" style=\"height: 200px;\"><\/div>[\/vc_column][\/vc_row][vc_row type=&#8221;full_width_section&#8221; bg_position=&#8221;left top&#8221;][vc_column bg_image=&#8221;16010&#8243; column_padding=&#8221;padding-5&#8243; column_center=&#8221;true&#8221; width=&#8221;1\/3&#8243;]<div class=\"spacer\" style=\"height: 200px;\"><\/div>[\/vc_column][vc_column bg_color=&#8221;#1cbac8&#8243; column_padding=&#8221;padding-5&#8243; column_center=&#8221;true&#8221; text_color=&#8221;light&#8221; width=&#8221;1\/3&#8243;][vc_column_text]<\/p>\n<h3>Multi-person, Multi-country Simultaneous Communication<\/h3>\n<p>MERXWIRE COMMUNET\u2122 is a cross-border instant messaging technology that uses advanced encryption to ensure privacy. It supports multi-country, multi-person communication and is faster than dial-up. Integrating radio, mobile devices, and international networks, MERXWIRE editors, client relations personnel, and on-the-spot reporters can communicate instantly, even when located in different countries or regions, to complete interviews and communications. This integrated service enables you to produce high-quality reporting.[\/vc_column_text][\/vc_column][vc_column bg_image=&#8221;15995&#8243; column_padding=&#8221;padding-5&#8243; column_center=&#8221;true&#8221; width=&#8221;1\/3&#8243;]<div class=\"spacer\" style=\"height: 200px;\"><\/div>[\/vc_column][\/vc_row][vc_row top_padding=&#8221;40&#8243; bottom_padding=&#8221;40&#8243; bg_position=&#8221;left top&#8221;][vc_column width=&#8221;1\/4&#8243;]<div class=\"counter clearfix wpb_content_element\"><div class=\"counter-number\" style=\"color: #444444 !important;\">5<\/div><span class=\"counter-title\">Regions<\/span><\/div>[\/vc_column][vc_column width=&#8221;1\/4&#8243;]<div class=\"counter clearfix wpb_content_element\"><div class=\"counter-number\" style=\"color: #444444 !important;\">150<\/div><span class=\"counter-title\">Countries<\/span><\/div>[\/vc_column][vc_column width=&#8221;1\/4&#8243;]<div class=\"counter clearfix wpb_content_element\"><div class=\"counter-number\" style=\"color: #444444 !important;\">4800<\/div><span class=\"counter-title\">Media sites<\/span><\/div>[\/vc_column][vc_column width=&#8221;1\/4&#8243;]<div class=\"counter clearfix wpb_content_element\"><div class=\"counter-number\" style=\"color: #444444 !important;\">4<\/div><span class=\"counter-title\">Language support<\/span><\/div>[\/vc_column][\/vc_row][vc_row type=&#8221;full_width_section&#8221; bg_position=&#8221;left top&#8221;][vc_column width=&#8221;1\/1&#8243;]<div class=\"divider divider1\" style='margin:0 !important;'><\/div>[\/vc_column][\/vc_row][vc_row top_padding=&#8221;120&#8243; bg_position=&#8221;left top&#8221;][vc_column width=&#8221;1\/1&#8243;]<h2 class=\"headline font-special fontsize-xl fontweight-700 lh-inherit align-center transform-uppercase \" style=\"margin: 0 0 20px 0;\">Big market, big opportunity<\/h2><div class=\"headline font-inherit fontsize-l fontweight-inherit lh-inherit align-center transform-inherit \" style=\"margin: 0 0 20px 0; color: #999999;\">The world&#8217;s top five countries and regions account for more than half of the world&#8217;s population. We distribute press releases on the websites of these countries, and the value created by your press releases will be reflected in the volume of the Internet.<\/div>[\/vc_column][\/vc_row][vc_row top_padding=&#8221;40&#8243; bottom_padding=&#8221;120&#8243; bg_position=&#8221;center center&#8221;][vc_column width=&#8221;1\/3&#8243;]<div class=\"member wpb_content_element\"><div class=\"member-img\"><img decoding=\"async\" src=\"https:\/\/www.merxwire.org\/wp-content\/uploads\/2020\/02\/imagestouren02.png\" alt=\"\" \/><\/div><h4>North America and Europe<\/h4><div class=\"member-role\">Covers major English markets<\/div><div class=\"member-content\"><p>In addition to attracting the attention of the North American and European , the distribution of press releases has many other benefits. It is an SEO tool, and it also makes your brand known. Since the release is published online, you may also attract potential customers and backlink to your site.<\/p><\/div><\/div>[\/vc_column][vc_column width=&#8221;1\/3&#8243;]<div class=\"member wpb_content_element\"><div class=\"member-img\"><img decoding=\"async\" src=\"https:\/\/www.merxwire.org\/wp-content\/uploads\/2020\/02\/imagestourzh03.png\" alt=\"\" \/><\/div><h4>Greater China<\/h4><div class=\"member-role\">China, Taiwan, and Hong Kong<\/div><div class=\"member-content\"><p>Press releases can inspire journalists and audiences in Chinese to read your story, and provide prospective customers with new reasons to visit stores, log on to the website, and learn more. Every event is newsworthy, and if enough to catch people&#8217;s attention, you and your business will be the focus of attention.<\/p><\/div><\/div>[\/vc_column][vc_column width=&#8221;1\/3&#8243;]<div class=\"member wpb_content_element\"><div class=\"member-img\"><img decoding=\"async\" src=\"https:\/\/www.merxwire.org\/wp-content\/uploads\/2020\/02\/imagestourid01.png\" alt=\"\" \/><\/div><h4>South Asia<\/h4><div class=\"member-role\">News Network in India<\/div><div class=\"member-content\"><p>In South Asia, they read the news every day. News are a good way to increase brand awareness. For business, I would definitely recommend it as an effective marketing strategy. You may have covered all the benefits of PR writing in all aspects that one might think of, and you should publish it to more people.<\/p><\/div><\/div>[\/vc_column][\/vc_row][vc_row top_padding=&#8221;40&#8243; bottom_padding=&#8221;120&#8243; bg_position=&#8221;center center&#8221;][vc_column width=&#8221;1\/3&#8243;]<div class=\"member wpb_content_element\"><div class=\"member-img\"><img decoding=\"async\" src=\"https:\/\/www.merxwire.org\/wp-content\/uploads\/2024\/10\/imagestourja04.png\" alt=\"\" \/><\/div><h4>Japan<\/h4><div class=\"member-role\">The fifth largest economy in the world<\/div><div class=\"member-content\"><p>Japanese culture emphasizes trust and relationships. Good media public relations can help companies establish a good brand image and enhance public trust. Japanese media has a great influence on public opinion and consumer behavior. Through effective public relations strategies and media activities, it is possible to increase exposure in the media and attract more consumers&#8217; attention.<\/p><\/div><\/div>[\/vc_column][vc_column width=&#8221;1\/3&#8243;]<div class=\"member wpb_content_element\"><div class=\"member-img\"><img decoding=\"async\" src=\"https:\/\/www.merxwire.org\/wp-content\/uploads\/2024\/10\/imagestourkr05.png\" alt=\"\" \/><\/div><h4>Korea<\/h4><div class=\"member-role\">Media readers in South Korea<\/div><div class=\"member-content\"><p>South Korea has a well-developed Internet infrastructure and online media updates quickly. Through timely media public relations, companies can quickly deliver messages to target audiences and maintain market competitiveness. Local social media usage is high, and public relations strategies that integrate traditional media and social media can not only enhance brand image and market position, but also effectively respond to challenges and promote long-term growth.<\/p><\/div><\/div>[\/vc_column][vc_column width=&#8221;1\/3&#8243;]<div class=\"member wpb_content_element\"><div class=\"member-img\"><img decoding=\"async\" src=\"https:\/\/www.merxwire.org\/wp-content\/uploads\/2024\/10\/imagestoures06.png\" alt=\"\" \/><\/div><h4>Spain<\/h4><div class=\"member-role\">Spanish and Latin American Market<\/div><div class=\"member-content\"><p>Spanish is one of the most widely used languages \u200b\u200bin the world. Except for Spain, most countries in Central and South America use Spanish as their official language. The strong language and cultural influence make Spanish-language media have a strong influence. Integrating Spanish culture and local language can better connect with the target market and enhance the audience&#8217;s sense of resonance.<\/p><\/div><\/div>[\/vc_column][\/vc_row][vc_row bg_color=&#8221;#1cbac8&#8243; text_color=&#8221;light&#8221; top_padding=&#8221;120&#8243; bottom_padding=&#8221;120&#8243;][vc_column width=&#8221;1\/1&#8243;]<h2 class=\"headline font-special fontsize-xl fontweight-700 lh-inherit align-center transform-uppercase \" style=\"margin: 0 0 20px 0;\">What our clients say<\/h2><div class=\"testimonial-slider-wrap wpb_content_element\"><div class=\"testimonial-slide\">Two years ago, we published online press releases through PR agency, and now we delegate this work to Merxwire. Merxwire increased press release exposure by more than 100 times.<span>&#45; Sharon Frank, Design Director, U.S.<\/span><\/div><div class=\"testimonial-slide\">Gracias al equipo profesional de relaciones p\u00fablicas de Merxwire, la estrategia de noticias globales de la compa\u00f1\u00eda es perfecta para nosotros.<span>&#45; Jes\u00fas Gabriel, CEO, Spain<\/span><\/div><div class=\"testimonial-slide\">\u5728\u4e2d\u570b\u9032\u884c\u7dda\u4e0a\u71df\u92b7\u7684\u6311\u6230\u4f86\u81ea\u65bc\u773e\u591a\u7af6\u722d\u8005\u53ca\u5c0d\u767e\u5ea6\u7684\u964c\u751f\uff0cMerxwire \u70ba\u6211\u5011\u898f\u5283\u4e86\u6578\u5341\u7bc7\u65b0\u805e\u5831\u5c0e\u8207\u6578\u767e\u689d\u767e\u5ea6\u8cbc\u5427\u8a0e\u8ad6\u4e32\uff0c\u6536\u9304\u6548\u679c\u548c\u641c\u5c0b\u7d50\u679c\u6392\u540d\u5927\u5e45\u63d0\u5347\uff0c\u7dda\u4e0a\u8aee\u8a62\u91cf\u6210\u9577330%\u3002<span>&#45; Kevin Chan, Brand manager, Taiwan<\/span><\/div><\/div>[\/vc_column][\/vc_row][vc_row top_padding=&#8221;120&#8243; bottom_padding=&#8221;80&#8243; bg_position=&#8221;left top&#8221;][vc_column width=&#8221;1\/1&#8243;]<h2 class=\"headline font-special fontsize-xl fontweight-700 lh-inherit align-center transform-uppercase \" style=\"margin: 0 0 20px 0;\">Do you know the advantages of real-time online PR?<\/h2><div class=\"headline font-inherit fontsize-l fontweight-inherit lh-inherit align-center transform-inherit \" style=\"margin: 0 0 40px 0; color: #999999;\">Most consumers hope to get news about the launch of their favorite products for the first time. Companies invest money and workforce to hold events. If they can deliver first-hand information to potential consumers who are interested but can&#8217;t participate in the event, the value of the event will be maximized.<\/div>[vc_row_inner][vc_column_inner width=&#8221;1\/3&#8243;][vc_column_text]<\/p>\n<h6>You have reduced budget<\/h6>\n<p>Nothing is more alarming than the high cost. You can purchase services based on the number of releases you need without having to incur excess costs.[\/vc_column_text][\/vc_column_inner][vc_column_inner width=&#8221;1\/3&#8243;][vc_column_text]<\/p>\n<h6>You save more time<\/h6>\n<p>You no longer spend much time with each reporter, you can stay away from fax machines and telephones, and professional media relations networks will publish your online press releases.[\/vc_column_text][\/vc_column_inner][vc_column_inner width=&#8221;1\/3&#8243;][vc_column_text]<\/p>\n<h6>Streamlined PR department<\/h6>\n<p>You no longer need to hire a large number of public relations employees, you can pay salaries to business people, they will do their best to earn more revenue for the company.[\/vc_column_text][\/vc_column_inner][\/vc_row_inner][\/vc_column][\/vc_row][vc_row bg_color=&#8221;#fafafa&#8221; text_align=&#8221;center&#8221; top_padding=&#8221;120&#8243; bottom_padding=&#8221;120&#8243; bg_position=&#8221;left top&#8221;][vc_column width=&#8221;1\/1&#8243;]<h2 class=\"headline font-special fontsize-xl fontweight-700 lh-inherit align-center transform-uppercase \" style=\"margin: 0 0 20px 0;\">Your brand news will quickly cover the world<\/h2><div class=\"headline font-inherit fontsize-l fontweight-inherit lh-inherit align-center transform-inherit \" style=\"margin: 0 0 40px 0; color: #999999;\">Event interviews, writing and publishing services in all walks of life, and close cooperation with the media to make your online news public relations successful.<\/div>[vc_column_text]<a href=\"\/catpren\/contact-en\/\" target=\"_self\" class=\"button color-2 large \" style=\"border-radius: 2px;\">Get In Touch With Us<\/a>[\/vc_column_text][\/vc_column][\/vc_row]<\/p>\n<\/div>","protected":false},"excerpt":{"rendered":"<p>[vc_row bg_image=&#8221;15977&#8243; bg_color=&#8221;#1cbac8&#8243; section_arrow=&#8221;false&#8221; text_color=&#8221;light&#8221; top_padding=&#8221;280&#8243; bottom_padding=&#8221;120&#8243; bg_position=&#8221;center center&#8221;][vc_column width=&#8221;1\/1&#8243;][\/vc_column][\/vc_row][vc_row top_padding=&#8221;100&#8243; bottom_padding=&#8221;100&#8243;][vc_column width=&#8221;2\/3&#8243;][\/vc_column][vc_column text_align=&#8221;right&#8221; width=&#8221;1\/3&#8243;][vc_column_text] [\/vc_column_text][\/vc_column][\/vc_row][vc_row type=&#8221;full_width_section&#8221; bg_position=&#8221;left top&#8221;][vc_column bg_color=&#8221;#222222&#8243; column_padding=&#8221;padding-5&#8243; column_center=&#8221;true&#8221; text_color=&#8221;light&#8221; width=&#8221;1\/3&#8243;][vc_column_text] Live and instant to the world Through the real-time system connected with the media, we directly send news stories to the global media at the event site. We provide this fast service to corporate customers who value efficiency. Companies, individuals, and non-profit organizations can gain public attention through interviews and press releases during the event.[\/vc_column_text][\/vc_column][vc_column bg_image=&#8221;16001&#8243; column_padding=&#8221;padding-5&#8243; column_center=&#8221;true&#8221; width=&#8221;1\/3&#8243;][\/vc_column][vc_column bg_color=&#8221;#fafafa&#8221; bg_image=&#8221;15983&#8243; column_padding=&#8221;padding-5&#8243; column_center=&#8221;true&#8221; width=&#8221;1\/3&#8243;][\/vc_column][\/vc_row][vc_row type=&#8221;full_width_section&#8221; bg_position=&#8221;left top&#8221;][vc_column bg_image=&#8221;16010&#8243; column_padding=&#8221;padding-5&#8243; column_center=&#8221;true&#8221; width=&#8221;1\/3&#8243;][\/vc_column][vc_column bg_color=&#8221;#1cbac8&#8243; column_padding=&#8221;padding-5&#8243; column_center=&#8221;true&#8221; text_color=&#8221;light&#8221; width=&#8221;1\/3&#8243;][vc_column_text] Multi-person, Multi-country Simultaneous Communication MERXWIRE COMMUNET\u2122 is a cross-border instant messaging technology that uses advanced encryption to ensure privacy. It supports multi-country, multi-person communication and is faster than dial-up. Integrating radio, mobile devices, and international networks, MERXWIRE editors, client relations personnel, and on-the-spot reporters can communicate instantly, even when located in different countries or regions, to complete interviews and communications. This integrated service enables you to produce high-quality reporting.[\/vc_column_text][\/vc_column][vc_column bg_image=&#8221;15995&#8243; column_padding=&#8221;padding-5&#8243; column_center=&#8221;true&#8221; width=&#8221;1\/3&#8243;][\/vc_column][\/vc_row][vc_row top_padding=&#8221;40&#8243; bottom_padding=&#8221;40&#8243; bg_position=&#8221;left top&#8221;][vc_column width=&#8221;1\/4&#8243;][\/vc_column][vc_column width=&#8221;1\/4&#8243;][\/vc_column][vc_column width=&#8221;1\/4&#8243;][\/vc_column][vc_column width=&#8221;1\/4&#8243;][\/vc_column][\/vc_row][vc_row type=&#8221;full_width_section&#8221; bg_position=&#8221;left top&#8221;][vc_column width=&#8221;1\/1&#8243;][\/vc_column][\/vc_row][vc_row top_padding=&#8221;120&#8243; bg_position=&#8221;left top&#8221;][vc_column width=&#8221;1\/1&#8243;][\/vc_column][\/vc_row][vc_row top_padding=&#8221;40&#8243; bottom_padding=&#8221;120&#8243; bg_position=&#8221;center center&#8221;][vc_column width=&#8221;1\/3&#8243;][\/vc_column][vc_column width=&#8221;1\/3&#8243;][\/vc_column][vc_column width=&#8221;1\/3&#8243;][\/vc_column][\/vc_row][vc_row top_padding=&#8221;40&#8243; bottom_padding=&#8221;120&#8243; bg_position=&#8221;center center&#8221;][vc_column [&hellip;]<\/p>\n","protected":false},"author":1,"featured_media":0,"parent":15647,"menu_order":0,"comment_status":"open","ping_status":"closed","template":"","meta":{"footnotes":""},"class_list":["post-15969","page","type-page","status-publish","hentry"],"_links":{"self":[{"href":"https:\/\/www.merxwire.org\/en\/wp-json\/wp\/v2\/pages\/15969","targetHints":{"allow":["GET"]}}],"collection":[{"href":"https:\/\/www.merxwire.org\/en\/wp-json\/wp\/v2\/pages"}],"about":[{"href":"https:\/\/www.merxwire.org\/en\/wp-json\/wp\/v2\/types\/page"}],"author":[{"embeddable":true,"href":"https:\/\/www.merxwire.org\/en\/wp-json\/wp\/v2\/users\/1"}],"replies":[{"embeddable":true,"href":"https:\/\/www.merxwire.org\/en\/wp-json\/wp\/v2\/comments?post=15969"}],"version-history":[{"count":11,"href":"https:\/\/www.merxwire.org\/en\/wp-json\/wp\/v2\/pages\/15969\/revisions"}],"predecessor-version":[{"id":19013,"href":"https:\/\/www.merxwire.org\/en\/wp-json\/wp\/v2\/pages\/15969\/revisions\/19013"}],"up":[{"embeddable":true,"href":"https:\/\/www.merxwire.org\/en\/wp-json\/wp\/v2\/pages\/15647"}],"wp:attachment":[{"href":"https:\/\/www.merxwire.org\/en\/wp-json\/wp\/v2\/media?parent=15969"}],"curies":[{"name":"wp","href":"https:\/\/api.w.org\/{rel}","templated":true}]}}