{"id":17903,"date":"2025-06-09T01:18:31","date_gmt":"2025-06-08T17:18:31","guid":{"rendered":"https:\/\/www.merxwire.org\/catpren\/live-online-interviews\/"},"modified":"2025-06-11T18:09:42","modified_gmt":"2025-06-11T10:09:42","slug":"live-online-interviews","status":"publish","type":"page","link":"https:\/\/www.merxwire.org\/en\/catpren\/live-online-interviews\/","title":{"rendered":"Live online interviews"},"content":{"rendered":"<div class=\"wpb-content-wrapper\"><p>[vc_row bg_image=&#8221;15976&#8243; bg_color=&#8221;#1cbac8&#8243; section_arrow=&#8221;false&#8221; text_color=&#8221;light&#8221; top_padding=&#8221;280&#8243; bottom_padding=&#8221;120&#8243; bg_position=&#8221;center center&#8221;][vc_column width=&#8221;1\/1&#8243;]<h1 class=\"headline font-special fontsize-xxxl fontweight-700 lh-13 align-left transform-inherit lowercase\" style=\"margin: 0 0 20px 0; color: #ffffff;\">Online live report<br \/>\nInstant community and video exposure<\/h1><div class=\"headline font-inherit fontsize-xl fontweight-300 lh-inherit align-left transform-inherit \" style=\"margin: 0; color: #ffffff;\">YouTube, Facebook, Instagram and Tiktok live broadcast<\/div>[\/vc_column][\/vc_row][vc_row top_padding=&#8221;100&#8243; bottom_padding=&#8221;100&#8243;][vc_column width=&#8221;2\/3&#8243;]<div class=\"headline font-inherit fontsize-m fontweight-inherit lh-19 align-left transform-inherit \" style=\"margin: 0; color: #666666;\">MERXWIRE provides live video streaming services to businesses and organizations through the company&#8217;s social media accounts and links to a large number of north american online news sites to reach a wide audience. Live streaming is a great way to increase the connection between your brand, your products, and potential consumers, by engaging with the platform in real-time, getting immediate feedback or responding to questions from your audience, and building a high level of trust and rapport with them.<\/div>[\/vc_column][vc_column text_align=&#8221;right&#8221; width=&#8221;1\/3&#8243;][vc_column_text]<a href=\"\/catprtw\/contact-tw\/\" target=\"_self\" class=\"button color-2 large \" style=\"border-radius: 2px;\">Contact Customer Service Specialist<\/a>\n<a href=\"https:\/\/blog.merxwire.com\/1876\/\" target=\"_blank\" class=\"button color-3 large \" style=\"border-radius: 2px;\">streaming in the exhibition app<\/a>[\/vc_column_text][\/vc_column][\/vc_row][vc_row type=&#8221;full_width_section&#8221; bg_position=&#8221;left top&#8221;][vc_column bg_color=&#8221;#222222&#8243; column_padding=&#8221;padding-5&#8243; column_center=&#8221;true&#8221; text_color=&#8221;light&#8221; width=&#8221;1\/3&#8243;][vc_column_text]<\/p>\n<h3 class=\"font-special\">Live interviews, fast global sending<\/h3>\n<p>After the event on-site editors and interviews, the news story is sent to the global media through a real-time system connected to the media, the fastest topic coverage, and more readers know about your product, these releases make the event gain significant market exposure. Businesses, individuals, and non-profit organizations can gain traction at the event through MERXWIRE web press releases and media coverage.[\/vc_column_text][\/vc_column][vc_column bg_image=&#8221;16000&#8243; column_padding=&#8221;padding-5&#8243; column_center=&#8221;true&#8221; width=&#8221;1\/3&#8243;]<div class=\"spacer\" style=\"height: 200px;\"><\/div>[\/vc_column][vc_column bg_color=&#8221;#fafafa&#8221; bg_image=&#8221;15982&#8243; column_padding=&#8221;padding-5&#8243; column_center=&#8221;true&#8221; width=&#8221;1\/3&#8243;]<div class=\"spacer\" style=\"height: 200px;\"><\/div>[\/vc_column][\/vc_row][vc_row type=&#8221;full_width_section&#8221; bg_position=&#8221;left top&#8221;][vc_column bg_image=&#8221;16009&#8243; column_padding=&#8221;padding-5&#8243; column_center=&#8221;true&#8221; width=&#8221;1\/3&#8243;]<div class=\"spacer\" style=\"height: 200px;\"><\/div>[\/vc_column][vc_column bg_color=&#8221;#1cbac8&#8243; column_padding=&#8221;padding-5&#8243; column_center=&#8221;true&#8221; text_color=&#8221;light&#8221; width=&#8221;1\/3&#8243;][vc_column_text]<\/p>\n<h3 class=\"font-special\">High-quality live streaming and audience base<\/h3>\n<p>FULL HD or 4K quality live broadcast, the whole process records and brilliantly presents the most memorable moments of the event. Based on your budget and expectations, design a pitch strategy that fits your limited resources and execute it. You&#8217;ll get more credible media broadcasts, real-time live exposure, and a large potential audience.<\/p>\n<a href=\"\/catprtw\/globalnewsnetworks-tw\/\" target=\"_self\" class=\"button color-8 medium \" style=\"border-radius: 2px;\">News Media Network<\/a>[\/vc_column_text][\/vc_column][vc_column bg_image=&#8221;15994&#8243; column_padding=&#8221;padding-5&#8243; column_center=&#8221;true&#8221; width=&#8221;1\/3&#8243;]<div class=\"spacer\" style=\"height: 200px;\"><\/div>[\/vc_column][\/vc_row][vc_row top_padding=&#8221;40&#8243; bottom_padding=&#8221;40&#8243; bg_position=&#8221;left top&#8221;][vc_column width=&#8221;1\/4&#8243;]<div class=\"counter clearfix wpb_content_element\"><div class=\"counter-number\" style=\"color: #444444 !important;\">5<\/div><span class=\"counter-title\">Live broadcast on a large platform<\/span><\/div>[\/vc_column][vc_column width=&#8221;1\/4&#8243;]<div class=\"counter clearfix wpb_content_element\"><div class=\"counter-number\" style=\"color: #444444 !important;\">30<\/div><span class=\"counter-title\">10,000 followers<\/span><\/div>[\/vc_column][vc_column width=&#8221;1\/4&#8243;]<div class=\"counter clearfix wpb_content_element\"><div class=\"counter-number\" style=\"color: #444444 !important;\">4200<\/div><span class=\"counter-title\">Media sites<\/span><\/div>[\/vc_column][vc_column width=&#8221;1\/4&#8243;]<div class=\"counter clearfix wpb_content_element\"><div class=\"counter-number\" style=\"color: #444444 !important;\">4<\/div><span class=\"counter-title\">Customer service is available in multiple languages<\/span><\/div>[\/vc_column][\/vc_row][vc_row type=&#8221;full_width_section&#8221; bg_position=&#8221;left top&#8221;][vc_column width=&#8221;1\/1&#8243;]<div class=\"divider divider1\" style='margin:0 !important;'><\/div>[\/vc_column][\/vc_row][vc_row top_padding=&#8221;120&#8243; bg_position=&#8221;left top&#8221;][vc_column width=&#8221;1\/1&#8243;]<h2 class=\"headline font-special fontsize-xl fontweight-700 lh-inherit align-center transform-uppercase \" style=\"margin: 0 0 20px 0;\">Live interviews, the event site brilliantly presents<\/h2><div class=\"headline font-inherit fontsize-l fontweight-inherit lh-inherit align-center transform-inherit \" style=\"margin: 0 0 20px 0; color: #999999;\">Business competition is immediate, it is a challenge and there are opportunities, and the interviews and broadcasts at important events and timely release of news allow enterprises to seize the opportunity. MERXWIRE offers live interviews in multiple countries across asia, so you can promote your event more presence. <\/div>[\/vc_column][\/vc_row][vc_row top_padding=&#8221;40&#8243; bottom_padding=&#8221;120&#8243; bg_position=&#8221;center center&#8221;][vc_column width=&#8221;1\/3&#8243;]<div class=\"member wpb_content_element\"><div class=\"member-img\"><img decoding=\"async\" src=\"https:\/\/www.merxwire.org\/wp-content\/uploads\/2024\/10\/liveimg01.png\" alt=\"\" \/><\/div><h4>Better interaction relationship<\/h4><div class=\"member-role\">Connects first-time visitors and the audience<\/div><div class=\"member-content\"><p>Through live media, the event information can be quickly delivered to the audience, so that potential customers can keep abreast of the latest products and event highlights. Respondents and viewers<b><\/b> can increase interest in the event by adding a sense of engagement and connection through comments or social media interactions.<\/p><\/div><\/div>[\/vc_column][vc_column width=&#8221;1\/3&#8243;]<div class=\"member wpb_content_element\"><div class=\"member-img\"><img decoding=\"async\" src=\"https:\/\/www.merxwire.org\/wp-content\/uploads\/2024\/10\/liveimg02.png\" alt=\"\" \/><\/div><h4>Expand the audience<\/h4><div class=\"member-role\">Global live broadcast<\/div><div class=\"member-content\"><p>Through live streaming on the Internet and social platforms, the report will be more real-time and realistic, and the audience&#8217;s trust in the product and brand will be increased. Live content is easy to share on social media, expanding the publicity effect, reaching and attracting more potential audiences in the first place, and outperforming the competition.<\/p><\/div><\/div>[\/vc_column][vc_column width=&#8221;1\/3&#8243;]<div class=\"member wpb_content_element\"><div class=\"member-img\"><img decoding=\"async\" src=\"https:\/\/www.merxwire.org\/wp-content\/uploads\/2024\/10\/liveimg03.png\" alt=\"\" \/><\/div><h4>Increase traffic and exposure<\/h4><div class=\"member-role\">Grow brand strength and awareness<\/div><div class=\"member-content\"><p>Live content is real-time, attracting a large number of viewers, driving them to visit the website for more interested information or engagement. Viewers can easily share the live stream link to attract their friends and followers to watch, further expanding the audience reach and increasing website traffic.<\/p><\/div><\/div>[\/vc_column][\/vc_row][vc_row bg_color=&#8221;#1cbac8&#8243; text_color=&#8221;light&#8221; top_padding=&#8221;120&#8243; bottom_padding=&#8221;120&#8243;][vc_column width=&#8221;1\/1&#8243;]<h2 class=\"headline font-special fontsize-xl fontweight-700 lh-inherit align-center transform-uppercase \" style=\"margin: 0 0 20px 0;\">Hear what our customers have to say<\/h2><div class=\"testimonial-slider-wrap wpb_content_element\"><div class=\"testimonial-slide\">\u5728\u4e2d\u570b\u9032\u884c\u7dda\u4e0a\u71df\u92b7\u7684\u6311\u6230\u4f86\u81ea\u65bc\u773e\u591a\u7af6\u722d\u8005\u53ca\u5c0d\u767e\u5ea6\u7684\u964c\u751f\uff0cMerxwire \u70ba\u6211\u5011\u898f\u5283\u4e86\u6578\u5341\u7bc7\u65b0\u805e\u5831\u5c0e\u8207\u6578\u767e\u689d\u767e\u5ea6\u8cbc\u5427\u8a0e\u8ad6\u4e32\uff0c\u6536\u9304\u6548\u679c\u548c\u641c\u5c0b\u7d50\u679c\u6392\u540d\u5927\u5e45\u63d0\u5347\uff0c\u7dda\u4e0a\u8aee\u8a62\u91cf\u6210\u9577330%\u3002<span>&#45; Kevin Chan, Brand manager, Taiwan<\/span><\/div><div class=\"testimonial-slide\">Two years ago, we published online press releases through PR agency, and now we delegate this work to Merxwire. Merxwire increased press release exposure by more than 100 times.<span>&#45; Sharon Frank, Design Director, U.S.<\/span><\/div><div class=\"testimonial-slide\">Gracias al equipo profesional de relaciones p\u00fablicas de Merxwire, la estrategia de noticias globales de la compa\u00f1\u00eda es perfecta para nosotros.<span>&#45; Jes\u00fas Gabriel, CEO, Spain<\/span><\/div><\/div>[\/vc_column][\/vc_row][vc_row top_padding=&#8221;120&#8243; bottom_padding=&#8221;80&#8243; bg_position=&#8221;left top&#8221;][vc_column width=&#8221;1\/1&#8243;]<h2 class=\"headline font-special fontsize-xl fontweight-700 lh-inherit align-center transform-uppercase \" style=\"margin: 0 0 20px 0;\">How important is news reporting?<\/h2><div class=\"headline font-inherit fontsize-l fontweight-inherit lh-inherit align-center transform-inherit \" style=\"margin: 0 0 40px 0; color: #999999;\">Companies invest money and manpower to hold events, and delivering the latest news to potential consumers will enhance the effectiveness of these events. MERXWIRE helps you quickly connect with the media to arrange coverage, creating value.<\/div>[vc_row_inner][vc_column_inner width=&#8221;1\/3&#8243;][vc_column_text]<\/p>\n<h6>Expenses can be reduced<\/h6>\n<p>There&#8217;s nothing more stressful than high costs. You can purchase services based on the number of press releases or press releases you need, without having to pay for additional PR campaigns to marketing agencies.[\/vc_column_text][\/vc_column_inner][vc_column_inner width=&#8221;1\/3&#8243;][vc_column_text]<\/p>\n<h6>Saves a lot of time<\/h6>\n<p>You no longer have to spend a lot of time with journalists, away from fax machines and phone calls, and save time writing press releases that we have a good network with the media to send them out.[\/vc_column_text][\/vc_column_inner][vc_column_inner width=&#8221;1\/3&#8243;][vc_column_text]<\/p>\n<h6>Bottle Festival PR costs<\/h6>\n<p>You no longer need to hire a large number of public relations staff or even set up a department for the occasional press release or media contact, and you can use that budget to grow your business and make more money for your company.[\/vc_column_text][\/vc_column_inner][\/vc_row_inner][\/vc_column][\/vc_row][vc_row bg_color=&#8221;#fafafa&#8221; text_align=&#8221;center&#8221; top_padding=&#8221;120&#8243; bottom_padding=&#8221;120&#8243; bg_position=&#8221;left top&#8221;][vc_column width=&#8221;1\/1&#8243;]<h2 class=\"headline font-special fontsize-xl fontweight-700 lh-inherit align-center transform-uppercase \" style=\"margin: 0 0 20px 0;\">Real-time covers the world<\/h2><div class=\"headline font-inherit fontsize-l fontweight-inherit lh-inherit align-center transform-inherit \" style=\"margin: 0 0 40px 0; color: #999999;\">On-site interviews, writing, and publishing provide rapid and efficient news solution.<\/div>[vc_column_text]<a href=\"\/catprtw\/contact-tw\/\" target=\"_self\" class=\"button color-2 large \" style=\"border-radius: 2px;\">Please contact us<\/a>[\/vc_column_text][\/vc_column][\/vc_row]<\/p>\n<\/div>","protected":false},"excerpt":{"rendered":"<p>[vc_row bg_image=&#8221;15976&#8243; bg_color=&#8221;#1cbac8&#8243; section_arrow=&#8221;false&#8221; text_color=&#8221;light&#8221; top_padding=&#8221;280&#8243; bottom_padding=&#8221;120&#8243; bg_position=&#8221;center center&#8221;][vc_column width=&#8221;1\/1&#8243;][\/vc_column][\/vc_row][vc_row top_padding=&#8221;100&#8243; bottom_padding=&#8221;100&#8243;][vc_column width=&#8221;2\/3&#8243;][\/vc_column][vc_column text_align=&#8221;right&#8221; width=&#8221;1\/3&#8243;][vc_column_text] [\/vc_column_text][\/vc_column][\/vc_row][vc_row type=&#8221;full_width_section&#8221; bg_position=&#8221;left top&#8221;][vc_column bg_color=&#8221;#222222&#8243; column_padding=&#8221;padding-5&#8243; column_center=&#8221;true&#8221; text_color=&#8221;light&#8221; width=&#8221;1\/3&#8243;][vc_column_text] Live interviews, fast global sending After the event on-site editors and interviews, the news story is sent to the global media through a real-time system connected to the media, the fastest topic coverage, and more readers know about your product, these releases make the event gain significant market exposure. Businesses, individuals, and non-profit organizations can gain traction at the event through MERXWIRE web press releases and media coverage.[\/vc_column_text][\/vc_column][vc_column bg_image=&#8221;16000&#8243; column_padding=&#8221;padding-5&#8243; column_center=&#8221;true&#8221; width=&#8221;1\/3&#8243;][\/vc_column][vc_column bg_color=&#8221;#fafafa&#8221; bg_image=&#8221;15982&#8243; column_padding=&#8221;padding-5&#8243; column_center=&#8221;true&#8221; width=&#8221;1\/3&#8243;][\/vc_column][\/vc_row][vc_row type=&#8221;full_width_section&#8221; bg_position=&#8221;left top&#8221;][vc_column bg_image=&#8221;16009&#8243; column_padding=&#8221;padding-5&#8243; column_center=&#8221;true&#8221; width=&#8221;1\/3&#8243;][\/vc_column][vc_column bg_color=&#8221;#1cbac8&#8243; column_padding=&#8221;padding-5&#8243; column_center=&#8221;true&#8221; text_color=&#8221;light&#8221; width=&#8221;1\/3&#8243;][vc_column_text] High-quality live streaming and audience base FULL HD or 4K quality live broadcast, the whole process records and brilliantly presents the most memorable moments of the event. Based on your budget and expectations, design a pitch strategy that fits your limited resources and execute it. You&#8217;ll get more credible media broadcasts, real-time live exposure, and a large potential audience. [\/vc_column_text][\/vc_column][vc_column bg_image=&#8221;15994&#8243; column_padding=&#8221;padding-5&#8243; column_center=&#8221;true&#8221; width=&#8221;1\/3&#8243;][\/vc_column][\/vc_row][vc_row top_padding=&#8221;40&#8243; bottom_padding=&#8221;40&#8243; bg_position=&#8221;left top&#8221;][vc_column width=&#8221;1\/4&#8243;][\/vc_column][vc_column width=&#8221;1\/4&#8243;][\/vc_column][vc_column width=&#8221;1\/4&#8243;][\/vc_column][vc_column width=&#8221;1\/4&#8243;][\/vc_column][\/vc_row][vc_row type=&#8221;full_width_section&#8221; bg_position=&#8221;left top&#8221;][vc_column width=&#8221;1\/1&#8243;][\/vc_column][\/vc_row][vc_row top_padding=&#8221;120&#8243; bg_position=&#8221;left top&#8221;][vc_column width=&#8221;1\/1&#8243;][\/vc_column][\/vc_row][vc_row top_padding=&#8221;40&#8243; bottom_padding=&#8221;120&#8243; bg_position=&#8221;center center&#8221;][vc_column width=&#8221;1\/3&#8243;][\/vc_column][vc_column width=&#8221;1\/3&#8243;][\/vc_column][vc_column width=&#8221;1\/3&#8243;][\/vc_column][\/vc_row][vc_row [&hellip;]<\/p>\n","protected":false},"author":1,"featured_media":0,"parent":15647,"menu_order":0,"comment_status":"open","ping_status":"open","template":"","meta":{"footnotes":""},"class_list":["post-17903","page","type-page","status-publish","hentry"],"_links":{"self":[{"href":"https:\/\/www.merxwire.org\/en\/wp-json\/wp\/v2\/pages\/17903","targetHints":{"allow":["GET"]}}],"collection":[{"href":"https:\/\/www.merxwire.org\/en\/wp-json\/wp\/v2\/pages"}],"about":[{"href":"https:\/\/www.merxwire.org\/en\/wp-json\/wp\/v2\/types\/page"}],"author":[{"embeddable":true,"href":"https:\/\/www.merxwire.org\/en\/wp-json\/wp\/v2\/users\/1"}],"replies":[{"embeddable":true,"href":"https:\/\/www.merxwire.org\/en\/wp-json\/wp\/v2\/comments?post=17903"}],"version-history":[{"count":7,"href":"https:\/\/www.merxwire.org\/en\/wp-json\/wp\/v2\/pages\/17903\/revisions"}],"predecessor-version":[{"id":17950,"href":"https:\/\/www.merxwire.org\/en\/wp-json\/wp\/v2\/pages\/17903\/revisions\/17950"}],"up":[{"embeddable":true,"href":"https:\/\/www.merxwire.org\/en\/wp-json\/wp\/v2\/pages\/15647"}],"wp:attachment":[{"href":"https:\/\/www.merxwire.org\/en\/wp-json\/wp\/v2\/media?parent=17903"}],"curies":[{"name":"wp","href":"https:\/\/api.w.org\/{rel}","templated":true}]}}