{"id":18221,"date":"2025-06-25T17:14:19","date_gmt":"2025-06-25T09:14:19","guid":{"rendered":"https:\/\/www.merxwire.org\/%e3%83%97%e3%83%ac%e3%82%b9%e3%83%aa%e3%83%aa%e3%83%bc%e3%82%b9%e3%81%ae%e5%85%ac%e9%96%8b-%e4%b8%96%e7%95%8c%e4%b8%ad%e3%81%a7%e8%a3%bd%e5%93%81%e3%82%92%e5%ae%a3%e4%bc%9d%e3%81%99%e3%82%8b\/"},"modified":"2026-03-02T00:02:12","modified_gmt":"2026-03-01T16:02:12","slug":"newsrelease-publish-jp","status":"publish","type":"page","link":"https:\/\/www.merxwire.org\/ja\/homeja\/newsrelease-publish-jp\/","title":{"rendered":"\u30d7\u30ec\u30b9\u30ea\u30ea\u30fc\u30b9\u306e\u516c\u958b &#8211; \u4e16\u754c\u4e2d\u3067\u88fd\u54c1\u3092\u5ba3\u4f1d\u3059\u308b"},"content":{"rendered":"<div class=\"wpb-content-wrapper\"><p>[vc_row bg_image=&#8221;15612&#8243; bg_color=&#8221;#1cbac8&#8243; section_arrow=&#8221;false&#8221; text_color=&#8221;light&#8221; top_padding=&#8221;180&#8243; bottom_padding=&#8221;120&#8243; bg_position=&#8221;center center&#8221;][vc_column width=&#8221;1\/1&#8243;]<h1 class=\"headline font-special fontsize-xxxl fontweight-700 lh-13 align-left transform-inherit lowercase\" style=\"margin: 0 0 20px 0; color: #ffffff;\">\u30d7\u30ec\u30b9\u30ea\u30ea\u30fc\u30b9\u3001<br \/>\n\u88fd\u54c1\u30cb\u30e5\u30fc\u30b9\u306e\u5ba3\u4f1d<\/h1><div class=\"headline font-inherit fontsize-xl fontweight-300 lh-inherit align-left transform-inherit \" style=\"margin: 0; color: #ffffff;\">\u4e16\u754c\u7684\u306a\u30aa\u30f3\u30e9\u30a4\u30f3\u30cb\u30e5\u30fc\u30b9\u5831\u9053\u3002<\/div>[\/vc_column][\/vc_row][vc_row top_padding=&#8221;100&#8243; bottom_padding=&#8221;100&#8243;][vc_column width=&#8221;2\/3&#8243;]<div class=\"headline font-inherit fontsize-m fontweight-inherit lh-19 align-left transform-inherit \" style=\"margin: 0; color: #666666;\">\u4f01\u696d\u306f\u3001\u30cb\u30e5\u30fc\u30b9\u4ee3\u7406\u5e97\u306e\u30d7\u30ec\u30b9\u30ea\u30ea\u30fc\u30b9\u914d\u4fe1\u30cd\u30c3\u30c8\u30ef\u30fc\u30af\u3068\u30d7\u30ec\u30b9\u30ea\u30ea\u30fc\u30b9\u306e\u66f8\u304d\u8fbc\u307f\u3092\u901a\u3058\u3066\u3001\u30cb\u30e5\u30fc\u30b9\u3092\u8cfc\u5165\u3059\u308b\u305f\u3081\u306b\u304a\u91d1\u3092\u8cbb\u3084\u3059\u5fc5\u8981\u306f\u3042\u308a\u307e\u305b\u3093\u30e1\u30c7\u30a3\u30a2\u306e\u5e83\u5831\u306e\u30b8\u30ec\u30f3\u30de\u3001\u6b63\u78ba\u306a\u901a\u4fe1\u52b9\u7387\u3092\u6253\u7834\u3057\u3001\u30a4\u30d9\u30f3\u30c8\u3084\u88fd\u54c1\u306e\u30d7\u30ec\u30b9\u30ea\u30ea\u30fc\u30b9\u306e\u6210\u529f\u3092\u78ba\u4fdd\u3057\u307e\u3059\u3002<\/div>[\/vc_column][vc_column text_align=&#8221;right&#8221; width=&#8221;1\/3&#8243;][vc_column_text]<a href=\"\/catprtw\/prdistributionprice-tw\/\" target=\"_self\" class=\"button color-2 large \" style=\"border-radius: 2px;\">\u30d7\u30e9\u30f3\u3068\u4fa1\u683c<\/a><a href=\"\/catprtw\/contact-tw\/\" target=\"_blank\" class=\"button color-3 large \" style=\"border-radius: 2px;\">\u9867\u5ba2\u30b5\u30fc\u30d3\u30b9<\/a>[\/vc_column_text][\/vc_column][\/vc_row][vc_row type=&#8221;full_width_section&#8221; bg_position=&#8221;left top&#8221;][vc_column bg_color=&#8221;#222222&#8243; column_padding=&#8221;padding-5&#8243; column_center=&#8221;true&#8221; text_color=&#8221;light&#8221; width=&#8221;1\/3&#8243;][vc_column_text]<\/p>\n<h3 class=\"font-special\">\u696d\u754c\u3078\u306e\u9732\u51fa\u3092\u5897\u3084\u3059<\/h3>\n<p>\u65b0\u88fd\u54c1\u3084\u30a4\u30d9\u30f3\u30c8\u306e\u30ea\u30ea\u30fc\u30b9\u304c\u6210\u529f\u3059\u308b\u3068\u3001\u30de\u30fc\u30b1\u30c6\u30a3\u30f3\u30b0\u30d7\u30ed\u30e2\u30fc\u30b7\u30e7\u30f3\u306b\u5f79\u7acb\u3061\u307e\u3059\u3002 \u4f01\u696d\u3001\u500b\u4eba\u3001\u975e\u55b6\u5229\u56e3\u4f53\u306f\u3001\u30aa\u30f3\u30e9\u30a4\u30f3\u306e\u30d7\u30ec\u30b9\u30ea\u30ea\u30fc\u30b9\u3084\u30e1\u30c7\u30a3\u30a2\u306e\u30a4\u30f3\u30bf\u30d3\u30e5\u30fc\u3092\u901a\u3058\u3066\u3001\u4e00\u822c\u306e\u4eba\u3005\u306e\u6ce8\u76ee\u3092\u96c6\u3081\u3088\u3046\u3068\u3057\u3066\u3044\u307e\u3059\u3002 \u8cea\u306e\u9ad8\u3044\u30cb\u30e5\u30fc\u30b9\u8a18\u4e8b\u306f\u3001\u30b8\u30e3\u30fc\u30ca\u30ea\u30b9\u30c8\u304c\u53d6\u308a\u4e0a\u3052\u308b\u30c8\u30d4\u30c3\u30af\u3092\u898b\u3064\u3051\u3001\u3088\u308a\u591a\u304f\u306e\u4eba\u3005\u306b\u88fd\u54c1\u306b\u3064\u3044\u3066\u77e5\u3063\u3066\u3082\u3089\u3046\u306e\u306b\u5f79\u7acb\u3061\u3001\u3053\u308c\u3089\u306e\u767a\u58f2\u306f\u660e\u3089\u304b\u306b\u3042\u306a\u305f\u306e\u30d3\u30b8\u30cd\u30b9\u304c\u5e02\u5834\u3067\u5927\u304d\u306a\u9732\u51fa\u3092\u5f97\u308b\u306e\u3092\u52a9\u3051\u308b\u3053\u3068\u304c\u3067\u304d\u307e\u3059\u3002[\/vc_column_text][\/vc_column][vc_column bg_image=&#8221;15617&#8243; column_padding=&#8221;padding-5&#8243; column_center=&#8221;true&#8221; width=&#8221;1\/3&#8243;]<div class=\"spacer\" style=\"height: 200px;\"><\/div>[\/vc_column][vc_column bg_color=&#8221;#fafafa&#8221; bg_image=&#8221;15619&#8243; column_padding=&#8221;padding-5&#8243; column_center=&#8221;true&#8221; width=&#8221;1\/3&#8243;]<div class=\"spacer\" style=\"height: 200px;\"><\/div>[\/vc_column][\/vc_row][vc_row type=&#8221;full_width_section&#8221; bg_position=&#8221;left top&#8221;][vc_column bg_image=&#8221;15627&#8243; column_padding=&#8221;padding-5&#8243; column_center=&#8221;true&#8221; width=&#8221;1\/3&#8243;]<div class=\"spacer\" style=\"height: 200px;\"><\/div>[\/vc_column][vc_column bg_color=&#8221;#1cbac8&#8243; column_padding=&#8221;padding-5&#8243; column_center=&#8221;true&#8221; text_color=&#8221;light&#8221; width=&#8221;1\/3&#8243;][vc_column_text]<\/p>\n<h3 class=\"font-special\">\u30d7\u30ec\u30b9\u30ea\u30ea\u30fc\u30b9\u306e\u914d\u5e03\u3068\u30ea\u30fc\u30c1\u30a2\u30a6\u30c8\u30ea\u30fc\u30c1<\/h3>\n<p>\u30d7\u30ec\u30b9\u30b3\u30df\u30e5\u30cb\u30b1\u30fc\u30b7\u30e7\u30f3\u306e\u30ea\u30fc\u30c0\u30fc\u3068\u3057\u3066\u3001MERXWIRE\u306ePR\u30a8\u30ad\u30b9\u30d1\u30fc\u30c8\u306f\u3001\u30d7\u30ec\u30b9\u30ea\u30ea\u30fc\u30b9\u306e\u57f7\u7b46\u3060\u3051\u3067\u306a\u304f\u3001\u304a\u5ba2\u69d8\u3068\u5354\u529b\u3057\u3066\u5927\u898f\u6a21\u306a\u30d7\u30ec\u30b9\u30ad\u30e3\u30f3\u30da\u30fc\u30f3\u3092\u958b\u767a\u3057\u307e\u3059\u3002 \u4e88\u7b97\u3068\u671f\u5f85\u306b\u57fa\u3065\u3044\u3066\u3001\u9650\u3089\u308c\u305f\u30ea\u30bd\u30fc\u30b9\u306b\u9069\u3057\u305f\u30d4\u30c3\u30c1\u6226\u7565\u3092\u8a2d\u8a08\u3057\u3001\u5b9f\u884c\u3057\u307e\u3059\u3002 \u540c\u793e\u304c\u63a1\u7528\u3057\u3066\u3044\u308b\u975e\u5e38\u52e4\u306ePR\u30b9\u30bf\u30c3\u30d5\u3068\u6bd4\u3079\u308b\u3068\u3001\u5f53\u793e\u306e\u30ea\u30ea\u30fc\u30b9\u306f\u9a5a\u304f\u307b\u3069\u65e9\u304f\u3001\u6b63\u78ba\u3067\u3001\u4e88\u7b97\u3084\u6210\u679c\u304c\u5206\u304b\u308a\u3084\u3059\u3044\u3067\u3059\u3002<\/p>\n<a href=\"\/catprtw\/prdistributionprice-tw\/\" target=\"_blank\" class=\"button color-8 medium \" style=\"border-radius: 2px;\">\u30d7\u30ec\u30b9\u30ea\u30ea\u30fc\u30b9\u306e\u30d7\u30e9\u30f3\u3068\u4fa1\u683c<\/a>[\/vc_column_text][\/vc_column][vc_column bg_image=&#8221;15630&#8243; column_padding=&#8221;padding-5&#8243; column_center=&#8221;true&#8221; width=&#8221;1\/3&#8243;]<div class=\"spacer\" style=\"height: 200px;\"><\/div>[\/vc_column][\/vc_row][vc_row top_padding=&#8221;40&#8243; bottom_padding=&#8221;40&#8243; bg_position=&#8221;left top&#8221;][vc_column width=&#8221;1\/4&#8243;]<div class=\"counter clearfix wpb_content_element\"><div class=\"counter-number\" style=\"color: #444444 !important;\">6<\/div><span class=\"counter-title\">\u5730\u57df<\/span><\/div>[\/vc_column][vc_column width=&#8221;1\/4&#8243;]<div class=\"counter clearfix wpb_content_element\"><div class=\"counter-number\" style=\"color: #444444 !important;\">150<\/div><span class=\"counter-title\">\u56fd<\/span><\/div>[\/vc_column][vc_column width=&#8221;1\/4&#8243;]<div class=\"counter clearfix wpb_content_element\"><div class=\"counter-number\" style=\"color: #444444 !important;\">4800<\/div><span class=\"counter-title\">\u30e1\u30c7\u30a3\u30a2\u30b5\u30a4\u30c8<\/span><\/div>[\/vc_column][vc_column width=&#8221;1\/4&#8243;]<div class=\"counter clearfix wpb_content_element\"><div class=\"counter-number\" style=\"color: #444444 !important;\">4<\/div><span class=\"counter-title\">\u8a00\u8a9e\u306b\u5bfe\u5fdc<\/span><\/div>[\/vc_column][\/vc_row][vc_row type=&#8221;full_width_section&#8221; bg_position=&#8221;left top&#8221;][vc_column width=&#8221;1\/1&#8243;]<div class=\"divider divider1\" style='margin:0 !important;'><\/div>[\/vc_column][\/vc_row][vc_row top_padding=&#8221;120&#8243; bg_position=&#8221;left top&#8221;][vc_column width=&#8221;1\/1&#8243;][vc_column_text]\u5e02\u5834<h2 class=\"headline font-special fontsize-xl fontweight-700 lh-inherit align-center transform-uppercase \" style=\"margin: 0 0 20px 0;\">\u6a5f\u4f1a\u3092\u6349\u3048\u308b<\/h2> <div class=\"headline font-inherit fontsize-l fontweight-inherit lh-inherit align-center transform-inherit \" style=\"margin: 0 0 20px 0; color: #999999;\">\u4e2d\u56fd\u3001\u30a4\u30f3\u30c9\u3001\u7c73\u56fd\u3001\u6b27\u5dde\u9023\u5408\u306e4\u30ab\u56fd &#8211; \u4e16\u754c\u4eba\u53e3\u306e\u534a\u5206\u3092\u5360\u3081\u308bMERXWIRE\u306e\u30d7\u30ec\u30b9\u30ea\u30ea\u30fc\u30b9\u30b5\u30fc\u30d3\u30b9\u306f\u3001\u4e16\u754c\u3001\u7279\u306b\u4e2d\u83ef\u570f\u3001\u65e5\u672c\u3001\u97d3\u56fd\u3001\u5357\u30a2\u30b8\u30a2\u3001\u5317\u7c73\u3001\u30e8\u30fc\u30ed\u30c3\u30d1\u3092\u30ab\u30d0\u30fc\u3057\u3066\u304a\u308a\u3001\u30aa\u30da\u30ec\u30fc\u30bf\u30fc\u304c\u7af6\u4e89\u5e02\u5834\u306e\u4e00\u6b69\u5148\u3092\u884c\u304f\u305f\u3081\u306e\u5e83\u7bc4\u306a\u30cb\u30e5\u30fc\u30b9\u30cd\u30c3\u30c8\u30ef\u30fc\u30af\u3092\u5099\u3048\u3066\u3044\u307e\u3059\u3002 <\/div>[\/vc_column_text][\/vc_column][\/vc_row][vc_row top_padding=&#8221;40&#8243; bottom_padding=&#8221;40&#8243; bg_position=&#8221;center center&#8221;][vc_column width=&#8221;1\/3&#8243;]<div class=\"member wpb_content_element\"><div class=\"member-img\"><img decoding=\"async\" src=\"https:\/\/www.merxwire.org\/wp-content\/uploads\/2020\/02\/imagestouren02.png\" alt=\"\" \/><\/div><h4>\u5317\u7c73\u3068\u30e8\u30fc\u30ed\u30c3\u30d1<\/h4><div class=\"member-role\">\u82f1\u8a9e\u570f\u306e\u8aad\u8005\u3092\u30ab\u30d0\u30fc<\/div><div class=\"member-content\"><p>\u5317\u7c73\u3084\u30e8\u30fc\u30ed\u30c3\u30d1\u3067\u6ce8\u76ee\u3055\u308c\u308b\u3060\u3051\u3067\u306a\u304f\u3001SEO\u30c4\u30fc\u30eb\u3067\u3082\u3042\u308b\u82f1\u8a9e\u306e\u30d7\u30ec\u30b9\u30ea\u30ea\u30fc\u30b9\u306b\u306f\u4ed6\u306b\u3082\u591a\u304f\u306e\u30e1\u30ea\u30c3\u30c8\u304c\u3042\u308a\u3001\u30d7\u30ec\u30b9\u30ea\u30ea\u30fc\u30b9\u306e\u6570\u304c\u591a\u3044\u3068\u3001\u691c\u7d22\u30a8\u30f3\u30b8\u30f3\u306b\u30a4\u30f3\u30c7\u30c3\u30af\u30b9\u3055\u308c\u308b\u53ef\u80fd\u6027\u304c\u9ad8\u307e\u308a\u3001\u30d6\u30e9\u30f3\u30c9\u304c\u6709\u540d\u306b\u306a\u308a\u307e\u3059\u3002 \u3053\u306e\u30b5\u30fc\u30d3\u30b9\u306f\u30a6\u30a7\u30d6\u4e0a\u3067\u516c\u958b\u3055\u308c\u3066\u3044\u308b\u305f\u3081\u3001\u6f5c\u5728\u7684\u306a\u9867\u5ba2\u3092\u5f15\u304d\u4ed8\u3051\u3001\u30b5\u30a4\u30c8\u306b\u30d0\u30c3\u30af\u30ea\u30f3\u30af\u3092\u5f35\u308b\u3053\u3068\u3082\u3067\u304d\u307e\u3059\u3002<\/p><\/div><\/div>[\/vc_column][vc_column width=&#8221;1\/3&#8243;]<div class=\"member wpb_content_element\"><div class=\"member-img\"><img decoding=\"async\" src=\"https:\/\/www.merxwire.org\/wp-content\/uploads\/2020\/02\/imagestourzh03.png\" alt=\"\" \/><\/div><h4>\u30b0\u30ec\u30fc\u30bf\u30fc\u30c1\u30e3\u30a4\u30ca<\/h4><div class=\"member-role\">\u4e2d\u56fd\u3001\u53f0\u6e7e\u3001\u9999\u6e2f<\/div><div class=\"member-content\"><p>\u4e2d\u83ef\u570f\u3067\u306f\u3001MERXWIRE\u306f\u3055\u3089\u306b\u3001\u30e1\u30c7\u30a3\u30a2\u3068\u306e\u30b3\u30df\u30e5\u30cb\u30b1\u30fc\u30b7\u30e7\u30f3\u3084\u3001\u8aad\u8005\u304c\u30d7\u30ec\u30b9\u30ea\u30ea\u30fc\u30b9\u4ee5\u4e0a\u306e\u8a18\u4e8b\u3092\u8aad\u3080\u3088\u3046\u306b\u52d5\u6a5f\u4ed8\u3051\u308b\u30cb\u30e5\u30fc\u30b9\u5831\u9053\u306e\u624b\u914d\u3092\u884c\u3046\u30b5\u30fc\u30d3\u30b9\u3092\u63d0\u4f9b\u3057\u3001\u6f5c\u5728\u7684\u306a\u9867\u5ba2\u306b\u8a2a\u554fURL\u3068\u88fd\u54c1\u306b\u3064\u3044\u3066\u8a73\u3057\u304f\u77e5\u308b\u305f\u3081\u306e\u884c\u52d5\u559a\u8d77\u3092\u63d0\u4f9b\u3057\u307e\u3059\u3002 \u4eba\u3005\u306e\u6ce8\u76ee\u3092\u96c6\u3081\u308c\u3070\u3001\u3042\u306a\u305f\u3068\u3042\u306a\u305f\u306e\u30d3\u30b8\u30cd\u30b9\u304c\u6ce8\u76ee\u306e\u7684\u306b\u306a\u308a\u307e\u3059\u3002<\/p><\/div><\/div>[\/vc_column][vc_column width=&#8221;1\/3&#8243;]<div class=\"member wpb_content_element\"><div class=\"member-img\"><img decoding=\"async\" src=\"https:\/\/www.merxwire.org\/wp-content\/uploads\/2020\/02\/imagestourid01.png\" alt=\"\" \/><\/div><h4>\u30a4\u30f3\u30c9\u3068\u5357\u30a2\u30b8\u30a2<\/h4><div class=\"member-role\">\u82f1\u8a9e\u3068\u30d2\u30f3\u30c7\u30a3\u30fc\u8a9e\u306e\u8aad\u8005<\/div><div class=\"member-content\"><p>\u5357\u30a2\u30b8\u30a2\u306e\u4e3b\u89813\u30ab\u56fd\u3067\u306f\u3001\u6bce\u65e517\u5104\u4eba\u304c\u30aa\u30f3\u30e9\u30a4\u30f3\u30cb\u30e5\u30fc\u30b9\u3092\u8aad\u3093\u3067\u3044\u307e\u3059\u3002 \u30b8\u30e3\u30fc\u30ca\u30ea\u30ba\u30e0\u306f\u3001\u30d6\u30e9\u30f3\u30c9\u306e\u8a8d\u77e5\u5ea6\u3092\u9ad8\u3081\u308b\u306e\u306b\u6700\u9069\u306a\u65b9\u6cd5\u3067\u3059\u3002 \u4f01\u696d\u306b\u3068\u3063\u3066\u306f\u3001\u52b9\u679c\u7684\u306a\u30de\u30fc\u30b1\u30c6\u30a3\u30f3\u30b0\u6226\u7565\u3068\u3057\u3066\u9593\u9055\u3044\u306a\u304f\u304a\u52e7\u3081\u3057\u307e\u3059\u3002 \u3042\u306a\u305f\u306f\u304a\u305d\u3089\u304f\u3001PR\u30e9\u30a4\u30c6\u30a3\u30f3\u30b0\u306e\u3059\u3079\u3066\u306e\u5229\u70b9\u3092\u601d\u3044\u3064\u304f\u304b\u3082\u3057\u308c\u306a\u3044\u3042\u3089\u3086\u308b\u5074\u9762\u3067\u30ab\u30d0\u30fc\u3057\u3066\u304a\u308a\u3001\u305d\u308c\u3092\u3088\u308a\u591a\u304f\u306e\u4eba\u3005\u306b\u516c\u958b\u3059\u308b\u5fc5\u8981\u304c\u3042\u308a\u307e\u3059\u3002<\/p><\/div><\/div>[\/vc_column][\/vc_row][vc_row top_padding=&#8221;40&#8243; bottom_padding=&#8221;120&#8243; bg_position=&#8221;center center&#8221;][vc_column width=&#8221;1\/3&#8243;]<div class=\"member wpb_content_element\"><div class=\"member-img\"><img decoding=\"async\" src=\"https:\/\/www.merxwire.org\/wp-content\/uploads\/2024\/10\/imagestourja04.png\" alt=\"\" \/><\/div><h4>\u65e5\u672c<\/h4><div class=\"member-role\">\u65e5\u672c\u306e\u8aad\u8005\u5e02\u5834\u3092\u30ab\u30d0\u30fc<\/div><div class=\"member-content\"><p>\u65e5\u672c\u306e\u6587\u5316\u306f\u4fe1\u983c\u3068\u95a2\u4fc2\u6027\u3092\u91cd\u8996\u3057\u3066\u304a\u308a\u3001\u512a\u308c\u305f\u30e1\u30c7\u30a3\u30a2PR\u306f\u3001\u4f01\u696d\u304c\u512a\u308c\u305f\u30d6\u30e9\u30f3\u30c9\u30a4\u30e1\u30fc\u30b8\u3092\u69cb\u7bc9\u3057\u3001\u4e00\u822c\u306e\u4eba\u3005\u306e\u4fe1\u983c\u611f\u3092\u9ad8\u3081\u308b\u306e\u306b\u5f79\u7acb\u3061\u307e\u3059\u3002 \u65e5\u672c\u306e\u30e1\u30c7\u30a3\u30a2\u306f\u4e16\u8ad6\u3084\u6d88\u8cbb\u8005\u884c\u52d5\u306b\u5927\u304d\u306a\u5f71\u97ff\u3092\u4e0e\u3048\u3066\u304a\u308a\u3001\u52b9\u679c\u7684\u306a\u5e83\u5831\u6226\u7565\u3084\u30e1\u30c7\u30a3\u30a2\u30ad\u30e3\u30f3\u30da\u30fc\u30f3\u3092\u901a\u3058\u3066\u3001\u30e1\u30c7\u30a3\u30a2\u3078\u306e\u9732\u51fa\u3092\u5897\u3084\u3057\u3001\u3088\u308a\u591a\u304f\u306e\u6d88\u8cbb\u8005\u306e\u6ce8\u76ee\u3092\u96c6\u3081\u308b\u3053\u3068\u304c\u3067\u304d\u307e\u3059\u3002<\/p><\/div><\/div>[\/vc_column][vc_column width=&#8221;1\/3&#8243;]<div class=\"member wpb_content_element\"><div class=\"member-img\"><img decoding=\"async\" src=\"https:\/\/www.merxwire.org\/wp-content\/uploads\/2024\/10\/imagestourkr05.png\" alt=\"\" \/><\/div><h4>\u97d3\u56fd<\/h4><div class=\"member-role\">\u97d3\u56fd\u306e\u30e1\u30c7\u30a3\u30a2\u8aad\u8005<\/div><div class=\"member-content\"><p>\u97d3\u56fd\u306f\u3001\u30cd\u30c3\u30c8\u30ef\u30fc\u30af\u304c\u767a\u9054\u3057\u3066\u304a\u308a\u3001\u30aa\u30f3\u30e9\u30a4\u30f3\u30e1\u30c7\u30a3\u30a2\u60c5\u5831\u3082\u8fc5\u901f\u306b\u66f4\u65b0\u3055\u308c\u3066\u3044\u307e\u3059\u3002 \u30bf\u30a4\u30e0\u30ea\u30fc\u306a\u30e1\u30c7\u30a3\u30a2PR\u306b\u3088\u308a\u3001\u4f01\u696d\u306f\u30bf\u30fc\u30b2\u30c3\u30c8\u30aa\u30fc\u30c7\u30a3\u30a8\u30f3\u30b9\u306b\u30e1\u30c3\u30bb\u30fc\u30b8\u3092\u8fc5\u901f\u306b\u914d\u4fe1\u3057\u3001\u5e02\u5834\u3067\u306e\u7af6\u4e89\u529b\u3092\u7dad\u6301\u3067\u304d\u307e\u3059\u3002 \u30ed\u30fc\u30ab\u30eb\u30bd\u30fc\u30b7\u30e3\u30eb\u30e1\u30c7\u30a3\u30a2\u306e\u5229\u7528\u7387\u304c\u9ad8\u3044\u305f\u3081\u3001\u5f93\u6765\u306e\u30bd\u30fc\u30b7\u30e3\u30eb\u30e1\u30c7\u30a3\u30a2\u3068\u30bd\u30fc\u30b7\u30e3\u30eb\u30e1\u30c7\u30a3\u30a2\u3092\u7d71\u5408\u3057\u305fPR\u6226\u7565\u306f\u3001\u30d6\u30e9\u30f3\u30c9\u30a4\u30e1\u30fc\u30b8\u3068\u5e02\u5834\u3067\u306e\u5730\u4f4d\u3092\u5411\u4e0a\u3055\u305b\u308b\u3060\u3051\u3067\u306a\u304f\u3001\u8ab2\u984c\u306b\u52b9\u679c\u7684\u306b\u5bfe\u5fdc\u3057\u3001\u9577\u671f\u7684\u306a\u6210\u9577\u3092\u4fc3\u9032\u3059\u308b\u3053\u3068\u304c\u3067\u304d\u307e\u3059\u3002<\/p><\/div><\/div>[\/vc_column][vc_column width=&#8221;1\/3&#8243;]<div class=\"member wpb_content_element\"><div class=\"member-img\"><img decoding=\"async\" src=\"https:\/\/www.merxwire.org\/wp-content\/uploads\/2024\/10\/imagestoures06.png\" alt=\"\" \/><\/div><h4>\u30b9\u30da\u30a4\u30f3<\/h4><div class=\"member-role\">\u30b9\u30da\u30a4\u30f3\u3068\u4e2d\u5357\u7c73<\/div><div class=\"member-content\"><p>\u30b9\u30da\u30a4\u30f3\u8a9e\u306f\u4e16\u754c\u3067\u6700\u3082\u5e83\u304f\u8a71\u3055\u308c\u3066\u3044\u308b\u8a00\u8a9e\u306e1\u3064\u3067\u3042\u308a\u3001\u30b9\u30da\u30a4\u30f3\u3092\u9664\u3044\u3066\u3001\u4e2d\u5357\u7c73\u306e\u307b\u3068\u3093\u3069\u306e\u56fd\u304c\u30b9\u30da\u30a4\u30f3\u8a9e\u3092\u516c\u7528\u8a9e\u3068\u3057\u3066\u4f7f\u7528\u3057\u3066\u304a\u308a\u3001\u305d\u306e\u5f37\u3044\u8a00\u8a9e\u7684\u304a\u3088\u3073\u6587\u5316\u7684\u5f71\u97ff\u306b\u3088\u308a\u3001\u30b9\u30da\u30a4\u30f3\u306e\u30e1\u30c7\u30a3\u30a2\u306f\u5f37\u3044\u5f71\u97ff\u529b\u3092\u6301\u3061\u3001\u30b9\u30da\u30a4\u30f3\u306e\u6587\u5316\u3068\u73fe\u5730\u8a9e\u3092\u7d71\u5408\u3057\u3001\u30bf\u30fc\u30b2\u30c3\u30c8\u5e02\u5834\u3068\u3088\u308a\u3088\u304f\u3064\u306a\u304c\u308a\u3001\u8996\u8074\u8005\u306e\u5171\u9cf4\u611f\u3092\u9ad8\u3081\u308b\u3053\u3068\u304c\u3067\u304d\u307e\u3059\u3002<\/p><\/div><\/div>[\/vc_column][\/vc_row][vc_row bg_color=&#8221;#1cbac8&#8243; text_color=&#8221;light&#8221; top_padding=&#8221;120&#8243; bottom_padding=&#8221;120&#8243;][vc_column width=&#8221;1\/1&#8243;]<h2 class=\"headline font-special fontsize-xl fontweight-700 lh-inherit align-center transform-uppercase \" style=\"margin: 0 0 20px 0;\">\u304a\u5ba2\u69d8\u306e\u58f0\u3092\u304a\u805e\u304d\u304f\u3060\u3055\u3044<\/h2><div class=\"testimonial-slider-wrap wpb_content_element\"><div class=\"testimonial-slide\">\u5728\u4e2d\u570b\u9032\u884c\u7dda\u4e0a\u71df\u92b7\u7684\u6311\u6230\u4f86\u81ea\u65bc\u773e\u591a\u7af6\u722d\u8005\u53ca\u5c0d\u767e\u5ea6\u7684\u964c\u751f\uff0cMerxwire \u70ba\u6211\u5011\u898f\u5283\u4e86\u6578\u5341\u7bc7\u65b0\u805e\u5831\u5c0e\u8207\u6578\u767e\u689d\u767e\u5ea6\u8cbc\u5427\u8a0e\u8ad6\u4e32\uff0c\u6536\u9304\u6548\u679c\u548c\u641c\u5c0b\u7d50\u679c\u6392\u540d\u5927\u5e45\u63d0\u5347\uff0c\u7dda\u4e0a\u8aee\u8a62\u91cf\u6210\u9577330%\u3002<span>&#45; Kevin Chan, Brand manager, Taiwan<\/span><\/div><div class=\"testimonial-slide\">Two years ago, we published online press releases through PR agency, and now we delegate this work to Merxwire. Merxwire increased press release exposure by more than 100 times.<span>&#45; Sharon Frank, Design Director, U.S.<\/span><\/div><div class=\"testimonial-slide\">Gracias al equipo profesional de relaciones p\u00fablicas de Merxwire, la estrategia de noticias globales de la compa\u00f1\u00eda es perfecta para nosotros.<span>&#45; Jes\u00fas Gabriel, CEO, Spain<\/span><\/div><\/div>[\/vc_column][\/vc_row][vc_row top_padding=&#8221;120&#8243; bottom_padding=&#8221;80&#8243; bg_position=&#8221;left top&#8221;][vc_column width=&#8221;1\/1&#8243;]<h2 class=\"headline font-special fontsize-xl fontweight-700 lh-inherit align-center transform-uppercase \" style=\"margin: 0 0 20px 0;\">\u30d7\u30ec\u30b9\u30ea\u30ea\u30fc\u30b9\u914d\u4fe1\u30d1\u30fc\u30c8\u30ca\u30fc<\/h2><div class=\"headline font-inherit fontsize-l fontweight-inherit lh-inherit align-center transform-inherit \" style=\"margin: 0 0 40px 0; color: #999999;\">\u4f01\u696d\u306e\u30e1\u30c7\u30a3\u30a2\u4e88\u7b97\u3001\u6642\u9593\u3001\u63a1\u7528\u8cbb\u7528\u3092\u7bc0\u7d04\uff01\u30d7\u30ec\u30b9\u30ea\u30ea\u30fc\u30b9\u306e\u914d\u4fe1\u30bf\u30a4\u30df\u30f3\u30b0\u306b\u6c17\u3092\u914d\u308a\u3001\u30d6\u30e9\u30f3\u30c9\u3084\u88fd\u54c1\u306e\u512a\u4f4d\u6027\u3092\u9ad8\u3081\u307e\u3057\u3087\u3046\u3002<\/div>[vc_row_inner][vc_column_inner width=&#8221;1\/3&#8243;][vc_column_text]<\/p>\n<h6>\u7d4c\u8cbb\u3092\u524a\u6e1b\u3067\u304d\u308b<\/h6>\n<p>\u9ad8\u30b3\u30b9\u30c8\u307b\u3069\u30b9\u30c8\u30ec\u30b9\u3092\u611f\u3058\u308b\u3082\u306e\u306f\u3042\u308a\u307e\u305b\u3093\u3002 \u30d7\u30ec\u30b9\u30ea\u30ea\u30fc\u30b9\u306e\u6570\u3084\u5fc5\u8981\u306a\u30d7\u30ec\u30b9\u30ea\u30ea\u30fc\u30b9\u306e\u6570\u306b\u57fa\u3065\u3044\u3066\u30b5\u30fc\u30d3\u30b9\u3092\u8cfc\u5165\u3067\u304d\u3001\u30de\u30fc\u30b1\u30c6\u30a3\u30f3\u30b0\u30a8\u30fc\u30b8\u30a7\u30f3\u30b7\u30fc\u3078\u306e\u8ffd\u52a0\u306ePR\u30ad\u30e3\u30f3\u30da\u30fc\u30f3\u306b\u304a\u91d1\u3092\u6255\u3046\u5fc5\u8981\u306f\u3042\u308a\u307e\u305b\u3093\u3002[\/vc_column_text][\/vc_column_inner][vc_column_inner width=&#8221;1\/3&#8243;][vc_column_text]<\/p>\n<h6>\u6642\u9593\u3092\u5927\u5e45\u306b\u7bc0\u7d04<\/h6>\n<p>\u30d5\u30a1\u30c3\u30af\u30b9\u3084\u96fb\u8a71\u304b\u3089\u96e2\u308c\u3066\u3001\u30b8\u30e3\u30fc\u30ca\u30ea\u30b9\u30c8\u3068\u591a\u304f\u306e\u6642\u9593\u3092\u8cbb\u3084\u3059\u5fc5\u8981\u306f\u306a\u304f\u3001\u30e1\u30c7\u30a3\u30a2\u3068\u306e\u826f\u597d\u306a\u30cd\u30c3\u30c8\u30ef\u30fc\u30af\u304c\u3042\u308b\u3068\u3044\u3046\u30d7\u30ec\u30b9\u30ea\u30ea\u30fc\u30b9\u3092\u66f8\u304f\u6642\u9593\u3092\u7bc0\u7d04\u3067\u304d\u307e\u3059\u3002[\/vc_column_text][\/vc_column_inner][vc_column_inner width=&#8221;1\/3&#8243;][vc_column_text]<\/p>\n<h6>\u30dc\u30c8\u30eb\u30d5\u30a7\u30b9\u30c6\u30a3\u30d0\u30ebPR\u8cbb\u7528<\/h6>\n<p>\u3042\u306a\u305f\u306f\u3082\u306f\u3084\u591a\u6570\u306e\u5e83\u5831\u30b9\u30bf\u30c3\u30d5\u3092\u96c7\u3046\u5fc5\u8981\u306f\u306a\u304f\u3001\u307e\u305f\u3001\u6642\u6298\u306e\u30d7\u30ec\u30b9\u30ea\u30ea\u30fc\u30b9\u3084\u30e1\u30c7\u30a3\u30a2\u306e\u9023\u7d61\u5148\u306e\u305f\u3081\u306e\u90e8\u9580\u3092\u8a2d\u5b9a\u3059\u308b\u5fc5\u8981\u3055\u3048\u3042\u308a\u307e\u305b\u3093\u3001\u305d\u3057\u3066\u3042\u306a\u305f\u306f\u3042\u306a\u305f\u306e\u30d3\u30b8\u30cd\u30b9\u3092\u6210\u9577\u3055\u305b\u3001\u3042\u306a\u305f\u306e\u4f1a\u793e\u306e\u305f\u3081\u306b\u3088\u308a\u591a\u304f\u306e\u304a\u91d1\u3092\u7a3c\u3050\u305f\u3081\u306b\u305d\u306e\u4e88\u7b97\u3092\u4f7f\u3046\u3053\u3068\u304c\u3067\u304d\u307e\u3059\u3002[\/vc_column_text][\/vc_column_inner][\/vc_row_inner][\/vc_column][\/vc_row][vc_row bg_color=&#8221;#fafafa&#8221; text_align=&#8221;center&#8221; top_padding=&#8221;120&#8243; bottom_padding=&#8221;120&#8243; bg_position=&#8221;left top&#8221;][vc_column width=&#8221;1\/1&#8243;]<h2 class=\"headline font-special fontsize-xl fontweight-700 lh-inherit align-center transform-uppercase \" style=\"margin: 0 0 20px 0;\">\u5584\u7528\u65b0\u805e\u5ba3\u50b3\uff0c\u63d0\u5347\u4f01\u696d\u5f62\u8c61<\/h2><div class=\"headline font-inherit fontsize-l fontweight-inherit lh-inherit align-center transform-inherit \" style=\"margin: 0 0 40px 0; color: #999999;\">\u6211\u5011\u8207\u5404\u884c\u696d\u7dca\u5bc6\u5408\u4f5c\uff0c\u671f\u5f85\u4e26\u4eab\u53d7\u7dda\u4e0a\u5a92\u9ad4\u5ba3\u50b3\u6210\u529f\u7684\u559c\u6085\u3002<\/div>[vc_column_text]<a href=\"\/catprtw\/contact-tw\/\" target=\"_self\" class=\"button color-2 large \" style=\"border-radius: 2px;\">\u304a\u554f\u3044\u5408\u308f\u305b\u304f\u3060\u3055\u3044<\/a>[\/vc_column_text][\/vc_column][\/vc_row]<\/p>\n<\/div>","protected":false},"excerpt":{"rendered":"<p>[vc_row bg_image=&#8221;15612&#8243; bg_color=&#8221;#1cbac8&#8243; section_arrow=&#8221;false&#8221; text_color=&#8221;light&#8221; top_padding=&#8221;180&#8243; bottom_padding=&#8221;120&#8243; bg_p [&hellip;]<\/p>\n","protected":false},"author":1,"featured_media":0,"parent":18332,"menu_order":0,"comment_status":"open","ping_status":"open","template":"","meta":{"footnotes":""},"class_list":["post-18221","page","type-page","status-publish","hentry"],"_links":{"self":[{"href":"https:\/\/www.merxwire.org\/ja\/wp-json\/wp\/v2\/pages\/18221","targetHints":{"allow":["GET"]}}],"collection":[{"href":"https:\/\/www.merxwire.org\/ja\/wp-json\/wp\/v2\/pages"}],"about":[{"href":"https:\/\/www.merxwire.org\/ja\/wp-json\/wp\/v2\/types\/page"}],"author":[{"embeddable":true,"href":"https:\/\/www.merxwire.org\/ja\/wp-json\/wp\/v2\/users\/1"}],"replies":[{"embeddable":true,"href":"https:\/\/www.merxwire.org\/ja\/wp-json\/wp\/v2\/comments?post=18221"}],"version-history":[{"count":11,"href":"https:\/\/www.merxwire.org\/ja\/wp-json\/wp\/v2\/pages\/18221\/revisions"}],"predecessor-version":[{"id":19009,"href":"https:\/\/www.merxwire.org\/ja\/wp-json\/wp\/v2\/pages\/18221\/revisions\/19009"}],"up":[{"embeddable":true,"href":"https:\/\/www.merxwire.org\/ja\/wp-json\/wp\/v2\/pages\/18332"}],"wp:attachment":[{"href":"https:\/\/www.merxwire.org\/ja\/wp-json\/wp\/v2\/media?parent=18221"}],"curies":[{"name":"wp","href":"https:\/\/api.w.org\/{rel}","templated":true}]}}