{"id":18371,"date":"2025-06-25T18:00:53","date_gmt":"2025-06-25T10:00:53","guid":{"rendered":"https:\/\/www.merxwire.org\/%e7%8c%abpr-tw-2020q1\/%e3%83%a9%e3%82%a4%e3%83%96%e3%82%aa%e3%83%b3%e3%83%a9%e3%82%a4%e3%83%b3%e3%82%a4%e3%83%b3%e3%82%bf%e3%83%93%e3%83%a5%e3%83%bc\/"},"modified":"2026-03-02T00:23:36","modified_gmt":"2026-03-01T16:23:36","slug":"livereporting-jp","status":"publish","type":"page","link":"https:\/\/www.merxwire.org\/ja\/homeja\/livereporting-jp\/","title":{"rendered":"\u30e9\u30a4\u30d6\u30aa\u30f3\u30e9\u30a4\u30f3\u30a4\u30f3\u30bf\u30d3\u30e5\u30fc"},"content":{"rendered":"<div class=\"wpb-content-wrapper\"><p>[vc_row bg_image=&#8221;15976&#8243; bg_color=&#8221;#1cbac8&#8243; section_arrow=&#8221;false&#8221; text_color=&#8221;light&#8221; top_padding=&#8221;280&#8243; bottom_padding=&#8221;120&#8243; bg_position=&#8221;center center&#8221;][vc_column width=&#8221;1\/1&#8243;]<h1 class=\"headline font-special fontsize-xxxl fontweight-700 lh-13 align-left transform-inherit lowercase\" style=\"margin: 0 0 20px 0; color: #ffffff;\">\u30aa\u30f3\u30e9\u30a4\u30f3\u30e9\u30a4\u30d6\u653e\u9001<br \/>\n\u3001\u30a4\u30f3\u30b9\u30bf\u30f3\u30c8\u30b3\u30df\u30e5\u30cb\u30c6\u30a3\u3068\u30d3\u30c7\u30aa\u9732\u51fa<\/h1><div class=\"headline font-inherit fontsize-xl fontweight-300 lh-inherit align-left transform-inherit \" style=\"margin: 0; color: #ffffff;\">\u3001YouTube\u3001Facebook\u3001Instagram\u30e9\u30a4\u30d6\u653e\u9001<\/div>[\/vc_column][\/vc_row][vc_row top_padding=&#8221;100&#8243; bottom_padding=&#8221;100&#8243;][vc_column width=&#8221;2\/3&#8243;]<div class=\"headline font-inherit fontsize-m fontweight-inherit lh-19 align-left transform-inherit \" style=\"margin: 0; color: #666666;\">MEXWIRE\u306f\u3001\u540c\u793e\u306e\u30bd\u30fc\u30b7\u30e3\u30eb\u30e1\u30c7\u30a3\u30a2\u30a2\u30ab\u30a6\u30f3\u30c8\u3084\u591a\u6570\u306e\u5317\u7c73\u306e\u30aa\u30f3\u30e9\u30a4\u30f3\u30cb\u30e5\u30fc\u30b9\u30b5\u30a4\u30c8\u3078\u306e\u30ea\u30f3\u30af\u3092\u901a\u3058\u3066\u3001\u4f01\u696d\u3084\u7d44\u7e54\u306b\u30e9\u30a4\u30d6\u30d3\u30c7\u30aa\u30b9\u30c8\u30ea\u30fc\u30df\u30f3\u30b0\u30b5\u30fc\u30d3\u30b9\u3092\u63d0\u4f9b\u3057\u3001\u5e45\u5e83\u3044\u8996\u8074\u8005\u306b\u30ea\u30fc\u30c1\u3057\u3066\u3044\u307e\u3059\u3002 \u30e9\u30a4\u30d6\u30b9\u30c8\u30ea\u30fc\u30df\u30f3\u30b0\u306f\u3001\u30ea\u30a2\u30eb\u30bf\u30a4\u30e0\u3067\u30d7\u30e9\u30c3\u30c8\u30d5\u30a9\u30fc\u30e0\u306b\u95a2\u4e0e\u3057\u3001\u8996\u8074\u8005\u304b\u3089\u3059\u3050\u306b\u30d5\u30a3\u30fc\u30c9\u30d0\u30c3\u30af\u3092\u5f97\u305f\u308a\u8cea\u554f\u306b\u7b54\u3048\u305f\u308a\u3059\u308b\u3053\u3068\u3067\u3001\u30d6\u30e9\u30f3\u30c9\u3001\u88fd\u54c1\u3001\u6f5c\u5728\u7684\u306a\u6d88\u8cbb\u8005\u306e\u9593\u306e\u3064\u306a\u304c\u308a\u3092\u6df1\u3081\u308b\u512a\u308c\u305f\u65b9\u6cd5\u3067\u3059\u3002<\/div>[\/vc_column][vc_column text_align=&#8221;right&#8221; width=&#8221;1\/3&#8243;][vc_column_text]<a href=\"\/catprtw\/contact-tw\/\" target=\"_self\" class=\"button color-2 large \" style=\"border-radius: 2px;\">\u30ab\u30b9\u30bf\u30de\u30fc\u30b5\u30fc\u30d3\u30b9\u30b9\u30da\u30b7\u30e3\u30ea\u30b9\u30c8\u306b\u9023\u7d61\u3059\u308b<\/a> <a href=\"https:\/\/blog.merxwire.com\/1876\/\" target=\"_blank\" class=\"button color-3 large \" style=\"border-radius: 2px;\">\u5c55\u793a\u4f1a\u30a2\u30d7\u30ea\u3067<\/a>\u306e\u30e9\u30a4\u30d6\u30b9\u30c8\u30ea\u30fc\u30df\u30f3\u30b0[\/vc_column_text][\/vc_column][\/vc_row][vc_row type=&#8221;full_width_section&#8221; bg_position=&#8221;left top&#8221;][vc_column bg_color=&#8221;#222222&#8243; column_padding=&#8221;padding-5&#8243; column_center=&#8221;true&#8221; text_color=&#8221;light&#8221; width=&#8221;1\/3&#8243;][vc_column_text]<\/p>\n<h3 class=\"font-special\">\u30e9\u30a4\u30d6\u30a4\u30f3\u30bf\u30d3\u30e5\u30fc\u3001\u9ad8\u901f\u30b0\u30ed\u30fc\u30d0\u30eb\u9001\u4fe1<\/h3>\n<p>\u30a4\u30d9\u30f3\u30c8\u306e\u30aa\u30f3\u30b5\u30a4\u30c8\u30a8\u30c7\u30a3\u30bf\u30fc\u3068\u30a4\u30f3\u30bf\u30d3\u30e5\u30fc\u306e\u5f8c\u3001\u30cb\u30e5\u30fc\u30b9\u8a18\u4e8b\u306f\u3001\u30e1\u30c7\u30a3\u30a2\u306b\u63a5\u7d9a\u3055\u308c\u305f\u30ea\u30a2\u30eb\u30bf\u30a4\u30e0\u30b7\u30b9\u30c6\u30e0\u3092\u901a\u3058\u3066\u30b0\u30ed\u30fc\u30d0\u30eb\u30e1\u30c7\u30a3\u30a2\u306b\u9001\u4fe1\u3055\u308c\u3001\u6700\u901f\u306e\u30c8\u30d4\u30c3\u30af\u30ab\u30d0\u30ec\u30c3\u30b8\u3001\u304a\u3088\u3073\u3088\u308a\u591a\u304f\u306e\u8aad\u8005\u304c\u3042\u306a\u305f\u306e\u88fd\u54c1\u306b\u3064\u3044\u3066\u77e5\u3063\u3066\u3044\u308b\u3001\u3053\u308c\u3089\u306e\u30ea\u30ea\u30fc\u30b9\u306f\u3001\u30a4\u30d9\u30f3\u30c8\u304c\u5927\u304d\u306a\u5e02\u5834\u9732\u51fa\u3092\u5f97\u308b\u3088\u3046\u306b\u3057\u307e\u3059\u3002 \u4f01\u696d\u3001\u500b\u4eba\u3001\u975e\u55b6\u5229\u56e3\u4f53\u306f\u3001MERXWIRE\u306e\u30a6\u30a7\u30d6\u30d7\u30ec\u30b9\u30ea\u30ea\u30fc\u30b9\u3084\u30e1\u30c7\u30a3\u30a2\u5831\u9053\u3092\u901a\u3058\u3066\u3001\u3053\u306e\u30a4\u30d9\u30f3\u30c8\u3067\u6ce8\u76ee\u3092\u96c6\u3081\u308b\u3053\u3068\u304c\u3067\u304d\u307e\u3059\u3002[\/vc_column_text][\/vc_column][vc_column bg_image=&#8221;16000&#8243; column_padding=&#8221;padding-5&#8243; column_center=&#8221;true&#8221; width=&#8221;1\/3&#8243;]<div class=\"spacer\" style=\"height: 200px;\"><\/div>[\/vc_column][vc_column bg_color=&#8221;#fafafa&#8221; bg_image=&#8221;15982&#8243; column_padding=&#8221;padding-5&#8243; column_center=&#8221;true&#8221; width=&#8221;1\/3&#8243;]<div class=\"spacer\" style=\"height: 200px;\"><\/div>[\/vc_column][\/vc_row][vc_row type=&#8221;full_width_section&#8221; bg_position=&#8221;left top&#8221;][vc_column bg_image=&#8221;16009&#8243; column_padding=&#8221;padding-5&#8243; column_center=&#8221;true&#8221; width=&#8221;1\/3&#8243;]<div class=\"spacer\" style=\"height: 200px;\"><\/div>[\/vc_column][vc_column bg_color=&#8221;#1cbac8&#8243; column_padding=&#8221;padding-5&#8243; column_center=&#8221;true&#8221; text_color=&#8221;light&#8221; width=&#8221;1\/3&#8243;][vc_column_text]<\/p>\n<h3 class=\"font-special\">\u9ad8\u54c1\u8cea\u306e\u30e9\u30a4\u30d6\u30b9\u30c8\u30ea\u30fc\u30df\u30f3\u30b0\u3068\u8996\u8074\u8005\u57fa\u76e4<\/h3>\n<p>\u30d5\u30ebHD\u307e\u305f\u306f4K\u54c1\u8cea\u306e\u30e9\u30a4\u30d6\u653e\u9001\u3001\u30d7\u30ed\u30bb\u30b9\u5168\u4f53\u304c\u30a4\u30d9\u30f3\u30c8\u306e\u6700\u3082\u8a18\u61b6\u306b\u6b8b\u308b\u77ac\u9593\u3092\u8a18\u9332\u3057\u3001\u898b\u4e8b\u306b\u63d0\u793a\u3057\u307e\u3059\u3002 \u4e88\u7b97\u3068\u671f\u5f85\u306b\u57fa\u3065\u3044\u3066\u3001\u9650\u3089\u308c\u305f\u30ea\u30bd\u30fc\u30b9\u306b\u9069\u3057\u305f\u30d4\u30c3\u30c1\u6226\u7565\u3092\u8a2d\u8a08\u3057\u3001\u5b9f\u884c\u3057\u307e\u3059\u3002 \u3088\u308a\u4fe1\u983c\u6027\u306e\u9ad8\u3044\u30e1\u30c7\u30a3\u30a2\u653e\u9001\u3001\u30ea\u30a2\u30eb\u30bf\u30a4\u30e0\u306e\u30e9\u30a4\u30d6\u9732\u51fa\u3001\u305d\u3057\u3066\u591a\u304f\u306e\u6f5c\u5728\u7684\u306a\u8996\u8074\u8005\u3092\u5f97\u308b\u3053\u3068\u304c\u3067\u304d\u307e\u3059\u3002<\/p>\n<a href=\"\/catprtw\/globalnewsnetworks-tw\/\" target=\"_self\" class=\"button color-8 medium \" style=\"border-radius: 2px;\">\u30cb\u30e5\u30fc\u30b9\u30e1\u30c7\u30a3\u30a2\u30cd\u30c3\u30c8\u30ef\u30fc\u30af<\/a>[\/vc_column_text][\/vc_column][vc_column bg_image=&#8221;15994&#8243; column_padding=&#8221;padding-5&#8243; column_center=&#8221;true&#8221; width=&#8221;1\/3&#8243;]<div class=\"spacer\" style=\"height: 200px;\"><\/div>[\/vc_column][\/vc_row][vc_row top_padding=&#8221;40&#8243; bottom_padding=&#8221;40&#8243; bg_position=&#8221;left top&#8221;][vc_column width=&#8221;1\/4&#8243;]<div class=\"counter clearfix wpb_content_element\"><div class=\"counter-number\" style=\"color: #444444 !important;\">5<\/div><span class=\"counter-title\">\u5927\u898f\u6a21\u306a\u30d7\u30e9\u30c3\u30c8\u30d5\u30a9\u30fc\u30e0\u3067\u306e\u751f\u653e\u9001<\/span><\/div>[\/vc_column][vc_column width=&#8221;1\/4&#8243;]<div class=\"counter clearfix wpb_content_element\"><div class=\"counter-number\" style=\"color: #444444 !important;\">30<\/div><span class=\"counter-title\">\u30d5\u30a9\u30ed\u30ef\u30fc\u657010,000\u4eba<\/span><\/div>[\/vc_column][vc_column width=&#8221;1\/4&#8243;]<div class=\"counter clearfix wpb_content_element\"><div class=\"counter-number\" style=\"color: #444444 !important;\">4200<\/div><span class=\"counter-title\">\u30e1\u30c7\u30a3\u30a2\u30b5\u30a4\u30c8<\/span><\/div>[\/vc_column][vc_column width=&#8221;1\/4&#8243;]<div class=\"counter clearfix wpb_content_element\"><div class=\"counter-number\" style=\"color: #444444 !important;\">4<\/div><span class=\"counter-title\">\u30ab\u30b9\u30bf\u30de\u30fc\u30b5\u30fc\u30d3\u30b9\u306f\u8907\u6570\u306e\u8a00\u8a9e\u306b\u5bfe\u5fdc\u3057\u3066\u3044\u307e\u3059<\/span><\/div>[\/vc_column][\/vc_row][vc_row type=&#8221;full_width_section&#8221; bg_position=&#8221;left top&#8221;][vc_column width=&#8221;1\/1&#8243;]<div class=\"divider divider1\" style='margin:0 !important;'><\/div>[\/vc_column][\/vc_row][vc_row top_padding=&#8221;120&#8243; bg_position=&#8221;left top&#8221;][vc_column width=&#8221;1\/1&#8243;]<h2 class=\"headline font-special fontsize-xl fontweight-700 lh-inherit align-center transform-uppercase \" style=\"margin: 0 0 20px 0;\">\u30e9\u30a4\u30d6\u30a4\u30f3\u30bf\u30d3\u30e5\u30fc\u3001\u30a4\u30d9\u30f3\u30c8\u30b5\u30a4\u30c8\u306f\u3001<\/h2><div class=\"headline font-inherit fontsize-l fontweight-inherit lh-inherit align-center transform-inherit \" style=\"margin: 0 0 20px 0; color: #999999;\">\u30d3\u30b8\u30cd\u30b9\u7af6\u4e89\u304c\u5373\u6642\u3067\u3042\u308a\u3001\u6311\u6226\u3067\u3042\u308a\u3001\u6a5f\u4f1a\u304c\u3042\u308b\u3053\u3068\u3092\u898b\u4e8b\u306b\u63d0\u793a\u3057\u3001\u91cd\u8981\u306a\u30a4\u30d9\u30f3\u30c8\u3067\u306e\u30a4\u30f3\u30bf\u30d3\u30e5\u30fc\u3068\u653e\u9001\u3001\u30cb\u30e5\u30fc\u30b9\u306e\u30bf\u30a4\u30e0\u30ea\u30fc\u306a\u30ea\u30ea\u30fc\u30b9\u306b\u3088\u308a\u3001\u4f01\u696d\u306f\u30c1\u30e3\u30f3\u30b9\u3092\u3064\u304b\u3080\u3053\u3068\u304c\u3067\u304d\u307e\u3059\u3002 MENXWIRE\u306f\u3001\u30a2\u30b8\u30a2\u306e\u8907\u6570\u306e\u56fd\u3067\u30e9\u30a4\u30d6\u30a4\u30f3\u30bf\u30d3\u30e5\u30fc\u3092\u63d0\u4f9b\u3057\u3066\u3044\u308b\u305f\u3081\u3001\u30a4\u30d9\u30f3\u30c8\u306e\u5b58\u5728\u611f\u3092\u9ad8\u3081\u308b\u3053\u3068\u304c\u3067\u304d\u307e\u3059\u3002 <\/div>[\/vc_column][\/vc_row][vc_row top_padding=&#8221;40&#8243; bottom_padding=&#8221;120&#8243; bg_position=&#8221;center center&#8221;][vc_column width=&#8221;1\/3&#8243;]<div class=\"member wpb_content_element\"><div class=\"member-img\"><img decoding=\"async\" src=\"https:\/\/www.merxwire.org\/wp-content\/uploads\/2024\/10\/liveimg01.png\" alt=\"\" \/><\/div><h4>\u66f4\u597d\u7684\u4e92\u52d5\u95dc\u4fc2<\/h4><div class=\"member-role\">\u9023\u7d50\u9996\u8a2a\u8005\u548c\u89c0\u773e<\/div><div class=\"member-content\"><p>\u30e9\u30a4\u30d6\u30e1\u30c7\u30a3\u30a2\u3092\u901a\u3058\u3066\u3001\u30a4\u30d9\u30f3\u30c8\u60c5\u5831\u3092\u8fc5\u901f\u306b\u8996\u8074\u8005\u306b\u914d\u4fe1\u3067\u304d\u308b\u305f\u3081\u3001\u6f5c\u5728\u7684\u306a\u9867\u5ba2\u306f\u6700\u65b0\u306e\u88fd\u54c1\u3084\u30a4\u30d9\u30f3\u30c8\u306e\u30cf\u30a4\u30e9\u30a4\u30c8\u306b\u9045\u308c\u306a\u3044\u3088\u3046\u306b\u3059\u308b\u3053\u3068\u304c\u3067\u304d\u307e\u3059\u3002 \u56de\u7b54\u8005\u3068\u8996\u8074\u8005\u306f<b><\/b>\u30b3\u30e1\u30f3\u30c8\u3084\u30bd\u30fc\u30b7\u30e3\u30eb\u30e1\u30c7\u30a3\u30a2\u3067\u306e\u3084\u308a\u53d6\u308a\u3092\u901a\u3058\u3066\u30a8\u30f3\u30b2\u30fc\u30b8\u30e1\u30f3\u30c8\u3068\u3064\u306a\u304c\u308a\u306e\u611f\u899a\u3092\u8ffd\u52a0\u3059\u308b\u3053\u3068\u3067\u3001\u30a4\u30d9\u30f3\u30c8\u3078\u306e\u95a2\u5fc3\u3092\u9ad8\u3081\u308b\u3053\u3068\u304c\u3067\u304d\u307e\u3059\u3002<\/p><\/div><\/div>[\/vc_column][vc_column width=&#8221;1\/3&#8243;]<div class=\"member wpb_content_element\"><div class=\"member-img\"><img decoding=\"async\" src=\"https:\/\/www.merxwire.org\/wp-content\/uploads\/2024\/10\/liveimg02.png\" alt=\"\" \/><\/div><h4>\u64f4\u5927\u89c0\u773e\u7bc4\u570d<\/h4><div class=\"member-role\">\u7d93\u7531\u7db2\u8def\uff0c\u5168\u7403\u540c\u6b65\u767c\u9001<\/div><div class=\"member-content\"><p>\u30a4\u30f3\u30bf\u30fc\u30cd\u30c3\u30c8\u3084\u30bd\u30fc\u30b7\u30e3\u30eb\u30d7\u30e9\u30c3\u30c8\u30d5\u30a9\u30fc\u30e0\u3067\u306e\u30e9\u30a4\u30d6\u30b9\u30c8\u30ea\u30fc\u30df\u30f3\u30b0\u3092\u901a\u3058\u3066\u3001\u30ec\u30dd\u30fc\u30c8\u306f\u3088\u308a\u30ea\u30a2\u30eb\u30bf\u30a4\u30e0\u304b\u3064\u30ea\u30a2\u30eb\u306b\u306a\u308a\u3001\u88fd\u54c1\u3084\u30d6\u30e9\u30f3\u30c9\u306b\u5bfe\u3059\u308b\u8996\u8074\u8005\u306e\u4fe1\u983c\u304c\u9ad8\u307e\u308a\u307e\u3059\u3002 \u30e9\u30a4\u30d6\u30b3\u30f3\u30c6\u30f3\u30c4\u306f\u30bd\u30fc\u30b7\u30e3\u30eb\u30e1\u30c7\u30a3\u30a2\u3067\u7c21\u5358\u306b\u5171\u6709\u3067\u304d\u308b\u305f\u3081\u3001\u5ba3\u4f1d\u52b9\u679c\u304c\u62e1\u5927\u3057\u3001\u305d\u3082\u305d\u3082\u3088\u308a\u591a\u304f\u306e\u6f5c\u5728\u7684\u306a\u8996\u8074\u8005\u306b\u30ea\u30fc\u30c1\u3057\u3066\u5f15\u304d\u4ed8\u3051\u3001\u7af6\u5408\u4ed6\u793e\u3092\u51cc\u99d5\u3057\u307e\u3059\u3002<\/p><\/div><\/div>[\/vc_column][vc_column width=&#8221;1\/3&#8243;]<div class=\"member wpb_content_element\"><div class=\"member-img\"><img decoding=\"async\" src=\"https:\/\/www.merxwire.org\/wp-content\/uploads\/2024\/10\/liveimg03.png\" alt=\"\" \/><\/div><h4>\u63d0\u5347\u6d41\u91cf\u8207\u66dd\u5149<\/h4><div class=\"member-role\">\u589e\u9577\u54c1\u724c\u529b\u548c\u77e5\u540d\u5ea6<\/div><div class=\"member-content\"><p>\u30e9\u30a4\u30d6\u30b3\u30f3\u30c6\u30f3\u30c4\u306f\u30ea\u30a2\u30eb\u30bf\u30a4\u30e0\u3067\u3042\u308a\u3001\u591a\u6570\u306e\u8996\u8074\u8005\u3092\u5f15\u304d\u4ed8\u3051\u3001\u3088\u308a\u8208\u5473\u306e\u3042\u308b\u60c5\u5831\u3084\u30a8\u30f3\u30b2\u30fc\u30b8\u30e1\u30f3\u30c8\u3092\u6c42\u3081\u3066Web\u30b5\u30a4\u30c8\u306b\u30a2\u30af\u30bb\u30b9\u3059\u308b\u3088\u3046\u306b\u4fc3\u3057\u307e\u3059\u3002 \u8996\u8074\u8005\u306f\u30e9\u30a4\u30d6\u30b9\u30c8\u30ea\u30fc\u30e0\u306e\u30ea\u30f3\u30af\u3092\u7c21\u5358\u306b\u5171\u6709\u3057\u3066\u3001\u53cb\u4eba\u3084\u30d5\u30a9\u30ed\u30ef\u30fc\u3092\u5f15\u304d\u4ed8\u3051\u3066\u8996\u8074\u3067\u304d\u308b\u305f\u3081\u3001\u8996\u8074\u8005\u306e\u30ea\u30fc\u30c1\u304c\u3055\u3089\u306b\u62e1\u5927\u3057\u3001Web\u30b5\u30a4\u30c8\u306e\u30c8\u30e9\u30d5\u30a3\u30c3\u30af\u304c\u5897\u52a0\u3057\u307e\u3059\u3002<\/p><\/div><\/div>[\/vc_column][\/vc_row][vc_row bg_color=&#8221;#1cbac8&#8243; text_color=&#8221;light&#8221; top_padding=&#8221;120&#8243; bottom_padding=&#8221;120&#8243;][vc_column width=&#8221;1\/1&#8243;]<h2 class=\"headline font-special fontsize-xl fontweight-700 lh-inherit align-center transform-uppercase \" style=\"margin: 0 0 20px 0;\">\u304a\u5ba2\u69d8\u306e\u58f0\u3092\u304a\u805e\u304d\u304f\u3060\u3055\u3044<\/h2><div class=\"testimonial-slider-wrap wpb_content_element\"><div class=\"testimonial-slide\">\u5728\u4e2d\u570b\u9032\u884c\u7dda\u4e0a\u71df\u92b7\u7684\u6311\u6230\u4f86\u81ea\u65bc\u773e\u591a\u7af6\u722d\u8005\u53ca\u5c0d\u767e\u5ea6\u7684\u964c\u751f\uff0cMerxwire \u70ba\u6211\u5011\u898f\u5283\u4e86\u6578\u5341\u7bc7\u65b0\u805e\u5831\u5c0e\u8207\u6578\u767e\u689d\u767e\u5ea6\u8cbc\u5427\u8a0e\u8ad6\u4e32\uff0c\u6536\u9304\u6548\u679c\u548c\u641c\u5c0b\u7d50\u679c\u6392\u540d\u5927\u5e45\u63d0\u5347\uff0c\u7dda\u4e0a\u8aee\u8a62\u91cf\u6210\u9577330%\u3002<span>&#45; Kevin Chan, Brand manager, Taiwan<\/span><\/div><div class=\"testimonial-slide\">Two years ago, we published online press releases through PR agency, and now we delegate this work to Merxwire. Merxwire increased press release exposure by more than 100 times.<span>&#45; Sharon Frank, Design Director, U.S.<\/span><\/div><div class=\"testimonial-slide\">Gracias al equipo profesional de relaciones p\u00fablicas de Merxwire, la estrategia de noticias globales de la compa\u00f1\u00eda es perfecta para nosotros.<span>&#45; Jes\u00fas Gabriel, CEO, Spain<\/span><\/div><\/div>[\/vc_column][\/vc_row][vc_row top_padding=&#8221;120&#8243; bottom_padding=&#8221;80&#8243; bg_position=&#8221;left top&#8221;][vc_column width=&#8221;1\/1&#8243;]<h2 class=\"headline font-special fontsize-xl fontweight-700 lh-inherit align-center transform-uppercase \" style=\"margin: 0 0 20px 0;\">\u7b2c\u4e00\u6642\u9593\u5f97\u5230\u65b0\u805e\u5831\u5c0e\u6709\u591a\u9ebc\u91cd\u8981\uff1f<\/h2><div class=\"headline font-inherit fontsize-l fontweight-inherit lh-inherit align-center transform-inherit \" style=\"margin: 0 0 40px 0; color: #999999;\">\u6d88\u8cbb\u8005\u5e0c\u671b\u5728\u7b2c\u4e00\u6642\u9593\u5f97\u5230\u559c\u611b\u7684\u7522\u54c1\u4e0a\u5e02\u7684\u6d88\u606f\uff0c\u6436\u5148\u662f\u4e00\u7a2e\u80fd\u89f8\u52d5\u5167\u5fc3\u7684\u611f\u89ba\uff0c\u6295\u5165\u8cc7\u91d1\u8207\u4eba\u529b\u8209\u8fa6\u6d3b\u52d5\uff0c\u628a\u7b2c\u4e00\u624b\u6d88\u606f\u50b3\u905e\u7d66\u6709\u8208\u8da3\u4f46\u7121\u6cd5\u5230\u5834\u53c3\u52a0\u7684\u6f5b\u5728\u6d88\u8cbb\u8005\u5ef6\u5c55\u4e86\u6d3b\u52d5\u6210\u6548\u3002\u5354\u52a9\u60a8\u5feb\u901f\u806f\u7e6b\u5a92\u9ad4\u5b89\u6392\u5831\u5c0e\uff0c\u70ba\u4f01\u696d\u7bc0\u7701\u91d1\u9322\u3001\u6642\u9593\u548c\u8058\u7528\u652f\u51fa\u3002<\/div>[vc_row_inner][vc_column_inner width=&#8221;1\/3&#8243;][vc_column_text]<\/p>\n<h6>\u7d4c\u8cbb\u3092\u524a\u6e1b\u3067\u304d\u308b<\/h6>\n<p>\u9ad8\u30b3\u30b9\u30c8\u307b\u3069\u30b9\u30c8\u30ec\u30b9\u3092\u611f\u3058\u308b\u3082\u306e\u306f\u3042\u308a\u307e\u305b\u3093\u3002 \u30d7\u30ec\u30b9\u30ea\u30ea\u30fc\u30b9\u306e\u6570\u3084\u5fc5\u8981\u306a\u30d7\u30ec\u30b9\u30ea\u30ea\u30fc\u30b9\u306e\u6570\u306b\u57fa\u3065\u3044\u3066\u30b5\u30fc\u30d3\u30b9\u3092\u8cfc\u5165\u3067\u304d\u3001\u30de\u30fc\u30b1\u30c6\u30a3\u30f3\u30b0\u30a8\u30fc\u30b8\u30a7\u30f3\u30b7\u30fc\u3078\u306e\u8ffd\u52a0\u306ePR\u30ad\u30e3\u30f3\u30da\u30fc\u30f3\u306b\u304a\u91d1\u3092\u6255\u3046\u5fc5\u8981\u306f\u3042\u308a\u307e\u305b\u3093\u3002[\/vc_column_text][\/vc_column_inner][vc_column_inner width=&#8221;1\/3&#8243;][vc_column_text]<\/p>\n<h6>\u6642\u9593\u3092\u5927\u5e45\u306b\u7bc0\u7d04<\/h6>\n<p>\u30d5\u30a1\u30c3\u30af\u30b9\u3084\u96fb\u8a71\u304b\u3089\u96e2\u308c\u3066\u3001\u30b8\u30e3\u30fc\u30ca\u30ea\u30b9\u30c8\u3068\u591a\u304f\u306e\u6642\u9593\u3092\u8cbb\u3084\u3059\u5fc5\u8981\u306f\u306a\u304f\u3001\u30e1\u30c7\u30a3\u30a2\u3068\u306e\u826f\u597d\u306a\u30cd\u30c3\u30c8\u30ef\u30fc\u30af\u304c\u3042\u308b\u3068\u3044\u3046\u30d7\u30ec\u30b9\u30ea\u30ea\u30fc\u30b9\u3092\u66f8\u304f\u6642\u9593\u3092\u7bc0\u7d04\u3067\u304d\u307e\u3059\u3002[\/vc_column_text][\/vc_column_inner][vc_column_inner width=&#8221;1\/3&#8243;][vc_column_text]<\/p>\n<h6>\u30dc\u30c8\u30eb\u30d5\u30a7\u30b9\u30c6\u30a3\u30d0\u30ebPR\u8cbb\u7528<\/h6>\n<p>\u3042\u306a\u305f\u306f\u3082\u306f\u3084\u591a\u6570\u306e\u5e83\u5831\u30b9\u30bf\u30c3\u30d5\u3092\u96c7\u3046\u5fc5\u8981\u306f\u306a\u304f\u3001\u307e\u305f\u3001\u6642\u6298\u306e\u30d7\u30ec\u30b9\u30ea\u30ea\u30fc\u30b9\u3084\u30e1\u30c7\u30a3\u30a2\u306e\u9023\u7d61\u5148\u306e\u305f\u3081\u306e\u90e8\u9580\u3092\u8a2d\u5b9a\u3059\u308b\u5fc5\u8981\u3055\u3048\u3042\u308a\u307e\u305b\u3093\u3001\u305d\u3057\u3066\u3042\u306a\u305f\u306f\u3042\u306a\u305f\u306e\u30d3\u30b8\u30cd\u30b9\u3092\u6210\u9577\u3055\u305b\u3001\u3042\u306a\u305f\u306e\u4f1a\u793e\u306e\u305f\u3081\u306b\u3088\u308a\u591a\u304f\u306e\u304a\u91d1\u3092\u7a3c\u3050\u305f\u3081\u306b\u305d\u306e\u4e88\u7b97\u3092\u4f7f\u3046\u3053\u3068\u304c\u3067\u304d\u307e\u3059\u3002[\/vc_column_text][\/vc_column_inner][\/vc_row_inner][\/vc_column][\/vc_row][vc_row bg_color=&#8221;#fafafa&#8221; text_align=&#8221;center&#8221; top_padding=&#8221;120&#8243; bottom_padding=&#8221;120&#8243; bg_position=&#8221;left top&#8221;][vc_column width=&#8221;1\/1&#8243;]<h2 class=\"headline font-special fontsize-xl fontweight-700 lh-inherit align-center transform-uppercase \" style=\"margin: 0 0 20px 0;\">\u4f7f\u7528\u73fe\u5834\u5373\u6642\u767c\u5e03\u670d\u52d9\uff0c\u5546\u696d\u8a0a\u606f\u5feb\u901f\u8986\u84cb\u5168\u7403<\/h2><div class=\"headline font-inherit fontsize-l fontweight-inherit lh-inherit align-center transform-inherit \" style=\"margin: 0 0 40px 0; color: #999999;\">\u914d\u5408\u73fe\u5834\u6d3b\u52d5\u63a1\u8a2a\u3001\u64b0\u7a3f\u548c\u767c\u5e03\uff0c\u8207\u5a92\u9ad4\u7dca\u5bc6\u5408\u4f5c\uff0c\u63d0\u4f9b\u8fc5\u901f\u6709\u6548\u7387\u7684\u5a92\u9ad4\u884c\u92b7\u89e3\u6c7a\u65b9\u6848\u3002<\/div>[vc_column_text]<a href=\"\/catprtw\/contact-tw\/\" target=\"_self\" class=\"button color-2 large \" style=\"border-radius: 2px;\">\u304a\u554f\u3044\u5408\u308f\u305b\u304f\u3060\u3055\u3044<\/a>[\/vc_column_text][\/vc_column][\/vc_row]<\/p>\n<\/div>","protected":false},"excerpt":{"rendered":"<p>[vc_row bg_image=&#8221;15976&#8243; bg_color=&#8221;#1cbac8&#8243; section_arrow=&#8221;false&#8221; text_color=&#8221;light&#8221; top_padding=&#8221;280&#8243; bottom_padding=&#8221;120&#8243; bg_p [&hellip;]<\/p>\n","protected":false},"author":1,"featured_media":0,"parent":18332,"menu_order":0,"comment_status":"open","ping_status":"open","template":"","meta":{"footnotes":""},"class_list":["post-18371","page","type-page","status-publish","hentry"],"_links":{"self":[{"href":"https:\/\/www.merxwire.org\/ja\/wp-json\/wp\/v2\/pages\/18371","targetHints":{"allow":["GET"]}}],"collection":[{"href":"https:\/\/www.merxwire.org\/ja\/wp-json\/wp\/v2\/pages"}],"about":[{"href":"https:\/\/www.merxwire.org\/ja\/wp-json\/wp\/v2\/types\/page"}],"author":[{"embeddable":true,"href":"https:\/\/www.merxwire.org\/ja\/wp-json\/wp\/v2\/users\/1"}],"replies":[{"embeddable":true,"href":"https:\/\/www.merxwire.org\/ja\/wp-json\/wp\/v2\/comments?post=18371"}],"version-history":[{"count":4,"href":"https:\/\/www.merxwire.org\/ja\/wp-json\/wp\/v2\/pages\/18371\/revisions"}],"predecessor-version":[{"id":18386,"href":"https:\/\/www.merxwire.org\/ja\/wp-json\/wp\/v2\/pages\/18371\/revisions\/18386"}],"up":[{"embeddable":true,"href":"https:\/\/www.merxwire.org\/ja\/wp-json\/wp\/v2\/pages\/18332"}],"wp:attachment":[{"href":"https:\/\/www.merxwire.org\/ja\/wp-json\/wp\/v2\/media?parent=18371"}],"curies":[{"name":"wp","href":"https:\/\/api.w.org\/{rel}","templated":true}]}}