{"id":16633,"date":"2023-01-02T08:47:52","date_gmt":"2023-01-02T08:47:52","guid":{"rendered":"http:\/\/www.merxwire.org\/?page_id=16633"},"modified":"2024-12-24T02:26:56","modified_gmt":"2024-12-23T18:26:56","slug":"livereporting-tw","status":"publish","type":"page","link":"https:\/\/www.merxwire.org\/zh-hant\/catprtw\/livereporting-tw\/","title":{"rendered":"\u7dda\u4e0a\u63a1\u8a2a\u76f4\u64ad"},"content":{"rendered":"<div class=\"wpb-content-wrapper\"><p>[vc_row bg_image=&#8221;15976&#8243; bg_color=&#8221;#1cbac8&#8243; section_arrow=&#8221;false&#8221; text_color=&#8221;light&#8221; top_padding=&#8221;280&#8243; bottom_padding=&#8221;120&#8243; bg_position=&#8221;center center&#8221;][vc_column width=&#8221;1\/1&#8243;]<h1 class=\"headline font-special fontsize-xxxl fontweight-700 lh-13 align-left transform-inherit lowercase\" style=\"margin: 0 0 20px 0; color: #ffffff;\">\u7db2\u8def\u7dda\u5834\u76f4\u64ad<br \/>\n\u5373\u6642\u793e\u7fa4\u8207\u5f71\u97f3\u66dd\u5149<\/h1><div class=\"headline font-inherit fontsize-xl fontweight-300 lh-inherit align-left transform-inherit \" style=\"margin: 0; color: #ffffff;\">YouTube\u3001Facebook\u3001Instagram\u7dda\u5834\u76f4\u64ad<\/div>[\/vc_column][\/vc_row][vc_row top_padding=&#8221;100&#8243; bottom_padding=&#8221;100&#8243;][vc_column width=&#8221;2\/3&#8243;]<div class=\"headline font-inherit fontsize-m fontweight-inherit lh-19 align-left transform-inherit \" style=\"margin: 0; color: #666666;\">MERXWIRE \u70ba\u5404\u985e\u578b\u4f01\u696d\u8207\u6a5f\u69cb\u63d0\u4f9b\u5f71\u97f3\u76f4\u64ad\u670d\u52d9\uff0c\u76f4\u64ad\u5f71\u7247\u900f\u904e\u516c\u53f8\u7684\u793e\u7fa4\u5e33\u865f\u66dd\u5149\uff0c\u4e26\u9023\u7d50\u81f3\u5927\u91cf\u7684\u5317\u7f8e\u7db2\u8def\u65b0\u805e\u7db2\u7ad9\uff0c\u63a5\u89f8\u5ee3\u5927\u7684\u89c0\u773e\u3002\u76f4\u64ad\u662f\u589e\u52a0\u60a8\u7684\u54c1\u724c\u3001\u7522\u54c1\u8207\u6f5b\u5728\u6d88\u8cbb\u8005\u4e4b\u9593\u95dc\u9023\u7684\u7d55\u4f73\u65b9\u5f0f\uff0c\u900f\u904e\u5e73\u53f0\u5373\u6642\u4e92\u52d5\uff0c\u7acb\u5373\u7372\u5f97\u89c0\u773e\u56de\u994b\u6216\u56de\u61c9\u554f\u984c\uff0c\u8207\u4ed6\u5011\u5efa\u7acb\u9ad8\u4fe1\u4efb\u5ea6\u548c\u7dca\u5bc6\u878d\u6d3d\u7684\u95dc\u4fc2\u3002<\/div>[\/vc_column][vc_column text_align=&#8221;right&#8221; width=&#8221;1\/3&#8243;][vc_column_text]<a href=\"\/catprtw\/contact-tw\/\" target=\"_self\" class=\"button color-2 large \" style=\"border-radius: 2px;\">\u806f\u7e6b\u5ba2\u670d\u5c08\u54e1<\/a> <a href=\"https:\/\/blog.merxwire.com\/1876\/\" target=\"_blank\" class=\"button color-3 large \" style=\"border-radius: 2px;\">\u76f4\u64ad\u5728\u5c55\u89bd\u7684\u61c9\u7528<\/a>[\/vc_column_text][\/vc_column][\/vc_row][vc_row type=&#8221;full_width_section&#8221; bg_position=&#8221;left top&#8221;][vc_column bg_color=&#8221;#222222&#8243; column_padding=&#8221;padding-5&#8243; column_center=&#8221;true&#8221; text_color=&#8221;light&#8221; width=&#8221;1\/3&#8243;][vc_column_text]<\/p>\n<h3 class=\"font-special\">\u73fe\u5834\u63a1\u8a2a\uff0c\u5feb\u901f\u5168\u7403\u767c\u9001<\/h3>\n<p>\u6d3b\u52d5\u73fe\u5834\u7de8\u8f2f\u63a1\u8a2a\u5f8c\u900f\u904e\u8207\u5a92\u9ad4\u9023\u7dda\u7684\u5373\u6642\u7cfb\u7d71\uff0c\u5c07\u65b0\u805e\u6545\u4e8b\u767c\u9001\u81f3\u5168\u7403\u5a92\u9ad4\uff0c\u6700\u5feb\u901f\u7684\u4e3b\u984c\u5831\u5c0e\uff0c\u66f4\u591a\u8b80\u8005\u8a8d\u8b58\u60a8\u7684\u7522\u54c1\uff0c\u9019\u4e9b\u767c\u4f48\u4f7f\u5f97\u6d3b\u52d5\u7372\u5f97\u91cd\u8981\u7684\u5e02\u5834\u66dd\u5149\u3002\u4f01\u696d\uff0c\u500b\u4eba\u548c\u975e\u71df\u5229\u7d44\u7e54\u90fd\u80fd\u5728\u6d3b\u52d5\u7576\u4e0b\u901a\u904e MERXWIRE \u7db2\u8def\u65b0\u805e\u7a3f\u548c\u5a92\u9ad4\u63a1\u8a2a\u5831\u5c0e\u7372\u5f97\u793e\u6703\u5927\u773e\u95dc\u6ce8\u3002[\/vc_column_text][\/vc_column][vc_column bg_image=&#8221;16000&#8243; column_padding=&#8221;padding-5&#8243; column_center=&#8221;true&#8221; width=&#8221;1\/3&#8243;]<div class=\"spacer\" style=\"height: 200px;\"><\/div>[\/vc_column][vc_column bg_color=&#8221;#fafafa&#8221; bg_image=&#8221;15982&#8243; column_padding=&#8221;padding-5&#8243; column_center=&#8221;true&#8221; width=&#8221;1\/3&#8243;]<div class=\"spacer\" style=\"height: 200px;\"><\/div>[\/vc_column][\/vc_row][vc_row type=&#8221;full_width_section&#8221; bg_position=&#8221;left top&#8221;][vc_column bg_image=&#8221;16009&#8243; column_padding=&#8221;padding-5&#8243; column_center=&#8221;true&#8221; width=&#8221;1\/3&#8243;]<div class=\"spacer\" style=\"height: 200px;\"><\/div>[\/vc_column][vc_column bg_color=&#8221;#1cbac8&#8243; column_padding=&#8221;padding-5&#8243; column_center=&#8221;true&#8221; text_color=&#8221;light&#8221; width=&#8221;1\/3&#8243;][vc_column_text]<\/p>\n<h3 class=\"font-special\">\u9ad8\u756b\u8cea\u76f4\u64ad\u8207\u89c0\u773e\u7fa4<\/h3>\n<p>FULL HD\u62164K\u756b\u8cea\u76f4\u64ad\uff0c\u5168\u7a0b\u7d00\u9304\u4e14\u7cbe\u5f69\u5448\u73fe\u6d3b\u52d5\u73fe\u5834\u6700\u503c\u5f97\u8a18\u61b6\u7684\u77ac\u9593\u3002\u6839\u64da\u60a8\u7684\u9810\u7b97\u548c\u671f\u671b\uff0c\u8a2d\u8a08\u4e00\u500b\u9069\u5408\u60a8\u6709\u9650\u8cc7\u6e90\u7684\u5ba3\u50b3\u7b56\u7565\u4e26\u57f7\u884c\u5b83\u3002\u60a8\u5c07\u5f97\u5230\u66f4\u6709\u516c\u4fe1\u529b\u7684\u5a92\u9ad4\u64ad\u51fa\u3001\u5373\u6642\u7684\u76f4\u64ad\u66dd\u5149\u548c\u5ee3\u5927\u7684\u6f5b\u5728\u89c0\u773e\u7fa4\u3002<\/p>\n<a href=\"\/catprtw\/globalnewsnetworks-tw\/\" target=\"_self\" class=\"button color-8 medium \" style=\"border-radius: 2px;\">\u65b0\u805e\u5a92\u9ad4\u7db2\u7d61<\/a>[\/vc_column_text][\/vc_column][vc_column bg_image=&#8221;15994&#8243; column_padding=&#8221;padding-5&#8243; column_center=&#8221;true&#8221; width=&#8221;1\/3&#8243;]<div class=\"spacer\" style=\"height: 200px;\"><\/div>[\/vc_column][\/vc_row][vc_row top_padding=&#8221;40&#8243; bottom_padding=&#8221;40&#8243; bg_position=&#8221;left top&#8221;][vc_column width=&#8221;1\/4&#8243;]<div class=\"counter clearfix wpb_content_element\"><div class=\"counter-number\" style=\"color: #444444 !important;\">5<\/div><span class=\"counter-title\">\u5927\u5e73\u53f0\u76f4\u64ad<\/span><\/div>[\/vc_column][vc_column width=&#8221;1\/4&#8243;]<div class=\"counter clearfix wpb_content_element\"><div class=\"counter-number\" style=\"color: #444444 !important;\">30<\/div><span class=\"counter-title\">\u842c\u7c89\u7d72\u53d7\u773e<\/span><\/div>[\/vc_column][vc_column width=&#8221;1\/4&#8243;]<div class=\"counter clearfix wpb_content_element\"><div class=\"counter-number\" style=\"color: #444444 !important;\">4200<\/div><span class=\"counter-title\">\u5a92\u9ad4\u7db2\u7ad9<\/span><\/div>[\/vc_column][vc_column width=&#8221;1\/4&#8243;]<div class=\"counter clearfix wpb_content_element\"><div class=\"counter-number\" style=\"color: #444444 !important;\">4<\/div><span class=\"counter-title\">\u5ba2\u670d\u652f\u63f4\u591a\u8a9e\u8a00<\/span><\/div>[\/vc_column][\/vc_row][vc_row type=&#8221;full_width_section&#8221; bg_position=&#8221;left top&#8221;][vc_column width=&#8221;1\/1&#8243;]<div class=\"divider divider1\" style='margin:0 !important;'><\/div>[\/vc_column][\/vc_row][vc_row top_padding=&#8221;120&#8243; bg_position=&#8221;left top&#8221;][vc_column width=&#8221;1\/1&#8243;]<h2 class=\"headline font-special fontsize-xl fontweight-700 lh-inherit align-center transform-uppercase \" style=\"margin: 0 0 20px 0;\">\u76f4\u64ad\u63a1\u8a2a\uff0c\u6d3b\u52d5\u73fe\u5834\u7cbe\u91c7\u5448\u73fe<\/h2><div class=\"headline font-inherit fontsize-l fontweight-inherit lh-inherit align-center transform-inherit \" style=\"margin: 0 0 20px 0; color: #999999;\">\u5546\u696d\u7af6\u722d\u662f\u5373\u6642\u6027\u7684\uff0c\u662f\u6311\u6230\u4e5f\u5b58\u5728\u6a5f\u6703\uff0c\u5728\u91cd\u8981\u6d3b\u52d5\u73fe\u5834\u63a1\u8a2a\u8f49\u64ad\u3001\u53ca\u6642\u767c\u5e03\u6d88\u606f\u8b93\u4f01\u696d\u6436\u5f97\u5148\u6a5f\u3002MERXWIRE \u5728\u4e9e\u6d32\u591a\u500b\u570b\u5bb6\u63d0\u4f9b\u76f4\u64ad\u63a1\u8a2a\u670d\u52d9\uff0c\u60a8\u7684\u6d3b\u52d5\u5ba3\u50b3\u5c07\u66f4\u5177\u81e8\u5834\u611f\u3002<\/div>[\/vc_column][\/vc_row][vc_row top_padding=&#8221;40&#8243; bottom_padding=&#8221;120&#8243; bg_position=&#8221;center center&#8221;][vc_column width=&#8221;1\/3&#8243;]<div class=\"member wpb_content_element\"><div class=\"member-img\"><img decoding=\"async\" src=\"https:\/\/www.merxwire.org\/wp-content\/uploads\/2024\/10\/liveimg01.png\" alt=\"\" \/><\/div><h4>\u66f4\u597d\u7684\u4e92\u52d5\u95dc\u4fc2<\/h4><div class=\"member-role\">\u9023\u7d50\u9996\u8a2a\u8005\u548c\u89c0\u773e<\/div><div class=\"member-content\"><p>\u900f\u904e\u5a92\u9ad4\u76f4\u64ad\u80fd\u5920\u5feb\u901f\u5c07\u6d3b\u52d5\u8a0a\u606f\u50b3\u905e\u7d66\u89c0\u773e\uff0c\u8b93\u6f5b\u5728\u5ba2\u6236\u53ca\u6642\u4e86\u89e3\u6700\u65b0\u7522\u54c1\u548c\u6d3b\u52d5\u4eae\u9ede\u3002\u53d7\u8a2a\u8005\u548c\u89c0\u773e<b><\/b>\u53ef\u4ee5\u900f\u904e\u7559\u8a00\u6216\u793e\u4ea4\u5a92\u9ad4\u4e92\u52d5\uff0c\u589e\u5f37\u53c3\u8207\u611f\u548c\u9023\u7d50\u611f\uff0c\u5f9e\u800c\u63d0\u9ad8\u5c0d\u6d3b\u52d5\u7684\u8208\u8da3\u3002<\/p><\/div><\/div>[\/vc_column][vc_column width=&#8221;1\/3&#8243;]<div class=\"member wpb_content_element\"><div class=\"member-img\"><img decoding=\"async\" src=\"https:\/\/www.merxwire.org\/wp-content\/uploads\/2024\/10\/liveimg02.png\" alt=\"\" \/><\/div><h4>\u64f4\u5927\u89c0\u773e\u7bc4\u570d<\/h4><div class=\"member-role\">\u7d93\u7531\u7db2\u8def\uff0c\u5168\u7403\u540c\u6b65\u767c\u9001<\/div><div class=\"member-content\"><p>\u900f\u904e\u7db2\u8def\u548c\u793e\u4ea4\u5e73\u53f0\u76f4\u64ad\uff0c\u5831\u5c0e\u5c07\u66f4\u52a0\u5373\u6642\u548c\u771f\u5be6\uff0c\u89c0\u773e\u5c0d\u7522\u54c1\u548c\u54c1\u724c\u7684\u4fe1\u4efb\u5ea6\u6703\u96a8\u4e4b\u63d0\u9ad8\u3002\u76f4\u64ad\u5167\u5bb9\u5bb9\u6613\u5728\u793e\u4ea4\u5a92\u9ad4\u4e0a\u5206\u4eab\uff0c\u64f4\u5927\u5ba3\u50b3\u6548\u679c\uff0c\u7b2c\u4e00\u6642\u9593\u89f8\u53ca\u8207\u5438\u5f15\u66f4\u591a\u6f5b\u5728\u53d7\u773e\uff0c\u8d85\u8d8a\u7af6\u722d\u540c\u696d\u3002<\/p><\/div><\/div>[\/vc_column][vc_column width=&#8221;1\/3&#8243;]<div class=\"member wpb_content_element\"><div class=\"member-img\"><img decoding=\"async\" src=\"https:\/\/www.merxwire.org\/wp-content\/uploads\/2024\/10\/liveimg03.png\" alt=\"\" \/><\/div><h4>\u63d0\u5347\u6d41\u91cf\u8207\u66dd\u5149<\/h4><div class=\"member-role\">\u589e\u9577\u54c1\u724c\u529b\u548c\u77e5\u540d\u5ea6<\/div><div class=\"member-content\"><p>\u76f4\u64ad\u5167\u5bb9\u5177\u6709\u5373\u6642\u6027\uff0c\u5438\u5f15\u5927\u91cf\u89c0\u773e\uff0c\u9a45\u52d5\u4ed6\u5011\u8a2a\u554f\u7db2\u7ad9\u4ee5\u7372\u53d6\u66f4\u591a\u6709\u8208\u8da3\u7684\u8cc7\u8a0a\u6216\u53c3\u8207\u4e92\u52d5\u3002\u89c0\u773e\u53ef\u4ee5\u8f15\u9b06\u5206\u4eab\u76f4\u64ad\u93c8\u63a5\uff0c\u5438\u5f15\u4ed6\u5011\u7684\u670b\u53cb\u548c\u8ffd\u96a8\u8005\u89c0\u770b\uff0c\u9032\u4e00\u6b65\u64f4\u5927\u53d7\u773e\u7bc4\u570d\uff0c\u589e\u52a0\u7db2\u7ad9\u6d41\u91cf\u3002<\/p><\/div><\/div>[\/vc_column][\/vc_row][vc_row bg_color=&#8221;#1cbac8&#8243; text_color=&#8221;light&#8221; top_padding=&#8221;120&#8243; bottom_padding=&#8221;120&#8243;][vc_column width=&#8221;1\/1&#8243;]<h2 class=\"headline font-special fontsize-xl fontweight-700 lh-inherit align-center transform-uppercase \" style=\"margin: 0 0 20px 0;\">\u807d\u807d\u6211\u5011\u7684\u5ba2\u6236\u600e\u9ebc\u8aaa<\/h2><div class=\"testimonial-slider-wrap wpb_content_element\"><div class=\"testimonial-slide\">\u5728\u4e2d\u570b\u9032\u884c\u7dda\u4e0a\u71df\u92b7\u7684\u6311\u6230\u4f86\u81ea\u65bc\u773e\u591a\u7af6\u722d\u8005\u53ca\u5c0d\u767e\u5ea6\u7684\u964c\u751f\uff0cMerxwire \u70ba\u6211\u5011\u898f\u5283\u4e86\u6578\u5341\u7bc7\u65b0\u805e\u5831\u5c0e\u8207\u6578\u767e\u689d\u767e\u5ea6\u8cbc\u5427\u8a0e\u8ad6\u4e32\uff0c\u6536\u9304\u6548\u679c\u548c\u641c\u5c0b\u7d50\u679c\u6392\u540d\u5927\u5e45\u63d0\u5347\uff0c\u7dda\u4e0a\u8aee\u8a62\u91cf\u6210\u9577330%\u3002<span>&#45; Kevin Chan, Brand manager, Taiwan<\/span><\/div><div class=\"testimonial-slide\">Two years ago, we published online press releases through PR agency, and now we delegate this work to Merxwire. Merxwire increased press release exposure by more than 100 times.<span>&#45; Sharon Frank, Design Director, U.S.<\/span><\/div><div class=\"testimonial-slide\">Gracias al equipo profesional de relaciones p\u00fablicas de Merxwire, la estrategia de noticias globales de la compa\u00f1\u00eda es perfecta para nosotros.<span>&#45; Jes\u00fas Gabriel, CEO, Spain<\/span><\/div><\/div>[\/vc_column][\/vc_row][vc_row top_padding=&#8221;120&#8243; bottom_padding=&#8221;80&#8243; bg_position=&#8221;left top&#8221;][vc_column width=&#8221;1\/1&#8243;]<h2 class=\"headline font-special fontsize-xl fontweight-700 lh-inherit align-center transform-uppercase \" style=\"margin: 0 0 20px 0;\">\u7b2c\u4e00\u6642\u9593\u5f97\u5230\u65b0\u805e\u5831\u5c0e\u6709\u591a\u9ebc\u91cd\u8981\uff1f<\/h2><div class=\"headline font-inherit fontsize-l fontweight-inherit lh-inherit align-center transform-inherit \" style=\"margin: 0 0 40px 0; color: #999999;\">\u6d88\u8cbb\u8005\u5e0c\u671b\u5728\u7b2c\u4e00\u6642\u9593\u5f97\u5230\u559c\u611b\u7684\u7522\u54c1\u4e0a\u5e02\u7684\u6d88\u606f\uff0c\u6436\u5148\u662f\u4e00\u7a2e\u80fd\u89f8\u52d5\u5167\u5fc3\u7684\u611f\u89ba\uff0c\u6295\u5165\u8cc7\u91d1\u8207\u4eba\u529b\u8209\u8fa6\u6d3b\u52d5\uff0c\u628a\u7b2c\u4e00\u624b\u6d88\u606f\u50b3\u905e\u7d66\u6709\u8208\u8da3\u4f46\u7121\u6cd5\u5230\u5834\u53c3\u52a0\u7684\u6f5b\u5728\u6d88\u8cbb\u8005\u5ef6\u5c55\u4e86\u6d3b\u52d5\u6210\u6548\u3002\u5354\u52a9\u60a8\u5feb\u901f\u806f\u7e6b\u5a92\u9ad4\u5b89\u6392\u5831\u5c0e\uff0c\u70ba\u4f01\u696d\u7bc0\u7701\u91d1\u9322\u3001\u6642\u9593\u548c\u8058\u7528\u652f\u51fa\u3002<\/div>[vc_row_inner][vc_column_inner width=&#8221;1\/3&#8243;][vc_column_text]<\/p>\n<h6>\u53ef\u4ee5\u964d\u4f4e\u652f\u51fa<\/h6>\n<p>\u6c92\u6709\u4ec0\u9ebc\u6bd4\u9ad8\u6210\u672c\u66f4\u4ee4\u4eba\u611f\u5230\u7d93\u71df\u58d3\u529b\u3002\u60a8\u53ef\u4ee5\u6839\u64da\u6240\u9700\u7684\u65b0\u805e\u7a3f\u6216\u65b0\u805e\u767c\u4f48\u6578\u91cf\u8cfc\u8cb7\u670d\u52d9\uff0c\u4e0d\u5fc5\u652f\u4ed8\u984d\u5916\u7684\u516c\u95dc\u6d3b\u52d5\u8cbb\u7528\u4e88\u884c\u92b7\u516c\u53f8\u3002[\/vc_column_text][\/vc_column_inner][vc_column_inner width=&#8221;1\/3&#8243;][vc_column_text]<\/p>\n<h6>\u7bc0\u7701\u8a31\u591a\u6642\u9593<\/h6>\n<p>\u60a8\u4e0d\u518d\u9700\u8981\u5728\u82b1\u8cbb\u5927\u91cf\u6642\u9593\u8207\u8a18\u8005\u4e00\u4e00\u806f\u7e6b\uff0c\u9060\u96e2\u50b3\u771f\u6a5f\u548c\u96fb\u8a71\uff0c\u4e26\u7701\u4e0b\u5beb\u65b0\u805e\u7a3f\u7684\u6642\u9593\uff0c\u7531\u8207\u5a92\u9ad4\u4fdd\u6301\u826f\u597d\u95dc\u4fc2\u7db2\u7d61\u7684\u6211\u5011\u5e6b\u60a8\u767c\u9001\u65b0\u805e\u7a3f\u3002[\/vc_column_text][\/vc_column_inner][vc_column_inner width=&#8221;1\/3&#8243;][vc_column_text]<\/p>\n<h6>\u6a3d\u7bc0\u516c\u95dc\u6210\u672c<\/h6>\n<p>\u60a8\u4e0d\u518d\u9700\u8981\u70ba\u4e86\u5076\u723e\u767c\u4f48\u65b0\u805e\u7a3f\u6216\u9023\u7e6b\u5a92\u9ad4\u800c\u96c7\u7528\u5927\u91cf\u7684\u516c\u5171\u95dc\u4fc2\u54e1\u5de5\u751a\u81f3\u6210\u7acb\u4e00\u500b\u90e8\u9580\uff0c\u60a8\u53ef\u4ee5\u628a\u9019\u4e9b\u9810\u7b97\u7528\u5728\u62d3\u5c55\u696d\u52d9\uff0c\u70ba\u516c\u53f8\u8cfa\u53d6\u66f4\u591a\u6536\u5165\u3002[\/vc_column_text][\/vc_column_inner][\/vc_row_inner][\/vc_column][\/vc_row][vc_row bg_color=&#8221;#fafafa&#8221; text_align=&#8221;center&#8221; top_padding=&#8221;120&#8243; bottom_padding=&#8221;120&#8243; bg_position=&#8221;left top&#8221;][vc_column width=&#8221;1\/1&#8243;]<h2 class=\"headline font-special fontsize-xl fontweight-700 lh-inherit align-center transform-uppercase \" style=\"margin: 0 0 20px 0;\">\u4f7f\u7528\u73fe\u5834\u5373\u6642\u767c\u5e03\u670d\u52d9\uff0c\u5546\u696d\u8a0a\u606f\u5feb\u901f\u8986\u84cb\u5168\u7403<\/h2><div class=\"headline font-inherit fontsize-l fontweight-inherit lh-inherit align-center transform-inherit \" style=\"margin: 0 0 40px 0; color: #999999;\">\u914d\u5408\u73fe\u5834\u6d3b\u52d5\u63a1\u8a2a\u3001\u64b0\u7a3f\u548c\u767c\u5e03\uff0c\u8207\u5a92\u9ad4\u7dca\u5bc6\u5408\u4f5c\uff0c\u63d0\u4f9b\u8fc5\u901f\u6709\u6548\u7387\u7684\u5a92\u9ad4\u884c\u92b7\u89e3\u6c7a\u65b9\u6848\u3002<\/div>[vc_column_text]<a href=\"\/catprtw\/contact-tw\/\" target=\"_self\" class=\"button color-2 large \" style=\"border-radius: 2px;\">\u8acb\u8207\u6211\u5011\u806f\u7e6b<\/a>[\/vc_column_text][\/vc_column][\/vc_row]<\/p>\n<\/div>","protected":false},"excerpt":{"rendered":"<p>[vc_row bg_image=&#8221;15976&#8243; bg_color=&#8221;#1cbac8&#8243; section_arrow=&#8221;false&#8221; text_color=&#8221;light&#8221; top_padding=&#8221;280&#8243; bottom_padding=&#8221;120&#8243; bg_p [&hellip;]<\/p>\n","protected":false},"author":1,"featured_media":0,"parent":15651,"menu_order":0,"comment_status":"open","ping_status":"open","template":"","meta":{"footnotes":""},"class_list":["post-16633","page","type-page","status-publish","hentry"],"_links":{"self":[{"href":"https:\/\/www.merxwire.org\/zh-hant\/wp-json\/wp\/v2\/pages\/16633","targetHints":{"allow":["GET"]}}],"collection":[{"href":"https:\/\/www.merxwire.org\/zh-hant\/wp-json\/wp\/v2\/pages"}],"about":[{"href":"https:\/\/www.merxwire.org\/zh-hant\/wp-json\/wp\/v2\/types\/page"}],"author":[{"embeddable":true,"href":"https:\/\/www.merxwire.org\/zh-hant\/wp-json\/wp\/v2\/users\/1"}],"replies":[{"embeddable":true,"href":"https:\/\/www.merxwire.org\/zh-hant\/wp-json\/wp\/v2\/comments?post=16633"}],"version-history":[{"count":16,"href":"https:\/\/www.merxwire.org\/zh-hant\/wp-json\/wp\/v2\/pages\/16633\/revisions"}],"predecessor-version":[{"id":17287,"href":"https:\/\/www.merxwire.org\/zh-hant\/wp-json\/wp\/v2\/pages\/16633\/revisions\/17287"}],"up":[{"embeddable":true,"href":"https:\/\/www.merxwire.org\/zh-hant\/wp-json\/wp\/v2\/pages\/15651"}],"wp:attachment":[{"href":"https:\/\/www.merxwire.org\/zh-hant\/wp-json\/wp\/v2\/media?parent=16633"}],"curies":[{"name":"wp","href":"https:\/\/api.w.org\/{rel}","templated":true}]}}